{"id":1017,"date":"2024-09-12T15:52:08","date_gmt":"2024-09-12T15:52:08","guid":{"rendered":"https:\/\/www.imalare.com\/contactenos\/"},"modified":"2026-03-18T12:13:43","modified_gmt":"2026-03-18T12:13:43","slug":"contactenos","status":"publish","type":"page","link":"https:\/\/www.imalare.com\/es\/contactenos\/","title":{"rendered":"Contacto"},"content":{"rendered":"\n<p style=\"font-style:normal;font-weight:500\">Para consultas generales sobre <strong>Imala Re LLC<\/strong>, por favor cont\u00e1ctenos en <a href=\"mailto:info@imalare.com\">info@imalare.com<\/a>.<\/p>\n\n<p style=\"font-style:normal;font-weight:500\">Para consultas sobre pagos, facturaci\u00f3n o control de cr\u00e9dito, por favor p\u00f3ngase en contacto en <a href=\"mailto:accounts@imalare.com\">accounts@imalare.com<\/a>.<\/p>\n\n<p style=\"font-style:normal;font-weight:500\">Para consultas sobre reclamaciones, por favor cont\u00e1ctenos en <a href=\"mailto:claims@imalare.com\">claims@imalare.com<\/a>.<\/p>\n\n<div class=\"wp-block-columns is-layout-flex wp-container-core-columns-is-layout-28f84493 wp-block-columns-is-layout-flex\">\n<div class=\"wp-block-column is-vertically-aligned-center is-layout-flow wp-block-column-is-layout-flow\" style=\"flex-basis:50%\">\n<p><strong><mark style=\"background-color:rgba(0, 0, 0, 0)\" class=\"has-inline-color has-primary-color\"><strong><strong><mark style=\"background-color:rgba(0, 0, 0, 0)\" class=\"has-inline-color has-primary-color\">Imala Re LLC<\/mark><\/strong><\/strong><\/mark><\/strong><br\/>2525 Ponce de Leon Blvd.<br\/>Suite 300,<br\/>Coral Gables,<br\/>FL 33134<\/p>\n\n\n\n<p>Ivan Vega: <a href=\"mailto:Ivan.vega@imalare.com\">Ivan.vega@imalare.com<\/a><br\/>Tel\u00e9fono: <a href=\"tel:+13055056063\">+1 (305) 505 6063<\/a><\/p>\n\n\n\n<p>Edward Herrera: <a href=\"mailto:Eddy.herra@imalare.com\">Eddy.herra@imalare.com<\/a><br\/>Tel\u00e9fono: <a href=\"tel:%20+1%20(305)%20967%200389\"><\/a><a href=\"tel:+1%20(305)%20967%200389\" target=\"_blank\" rel=\"noreferrer noopener\">+1 (305) 967 0389<\/a><\/p>\n\n\n\n<p><a href=\"https:\/\/www.google.com\/maps\/place\/2525+Ponce+de+Leon+Suite+300,+Coral+Gables,+FL+33134,+USA\/@25.7560186,-80.2585889,17z\/data=!3m1!4b1!4m6!3m5!1s0x88d9b79ec9fbbdf3:0x16763d7049143e3e!8m2!3d25.7560186!4d-80.2585889!16s%2Fg%2F11tx63wh_d?entry=ttu&amp;g_ep=EgoyMDI1MTAyMi4wIKXMDSoASAFQAw%3D%3D\">Ver en el Mapa<\/a><br\/><a href=\"mailto:info@imalare.com\">Env\u00edenos un Correo<\/a><\/p>\n<\/div>\n\n\n\n<div class=\"wp-block-column is-layout-flow wp-block-column-is-layout-flow\" style=\"flex-basis:50%\"><\/div>\n<\/div>\n","protected":false},"excerpt":{"rendered":"<p>Para consultas generales sobre Imala Re LLC, por favor cont\u00e1ctenos en info@imalare.com. Para consultas sobre pagos, facturaci\u00f3n o control de cr\u00e9dito, por favor p\u00f3ngase en contacto en accounts@imalare.com. Para consultas sobre reclamaciones, por favor cont\u00e1ctenos en claims@imalare.com. Imala Re LLC2525 Ponce de Leon Blvd.Suite 300,Coral Gables,FL 33134 Ivan Vega: Ivan.vega@imalare.comTel\u00e9fono: +1 (305) 505 6063 Edward [&hellip;]<\/p>\n","protected":false},"author":7,"featured_media":0,"parent":0,"menu_order":0,"comment_status":"closed","ping_status":"closed","template":"","meta":{"footnotes":""},"class_list":["post-1017","page","type-page","status-publish","hentry"],"_links":{"self":[{"href":"https:\/\/www.imalare.com\/es\/wp-json\/wp\/v2\/pages\/1017","targetHints":{"allow":["GET"]}}],"collection":[{"href":"https:\/\/www.imalare.com\/es\/wp-json\/wp\/v2\/pages"}],"about":[{"href":"https:\/\/www.imalare.com\/es\/wp-json\/wp\/v2\/types\/page"}],"author":[{"embeddable":true,"href":"https:\/\/www.imalare.com\/es\/wp-json\/wp\/v2\/users\/7"}],"replies":[{"embeddable":true,"href":"https:\/\/www.imalare.com\/es\/wp-json\/wp\/v2\/comments?post=1017"}],"version-history":[{"count":0,"href":"https:\/\/www.imalare.com\/es\/wp-json\/wp\/v2\/pages\/1017\/revisions"}],"wp:attachment":[{"href":"https:\/\/www.imalare.com\/es\/wp-json\/wp\/v2\/media?parent=1017"}],"curies":[{"name":"wp","href":"https:\/\/api.w.org\/{rel}","templated":true}]}}