{"id":1022,"date":"2024-09-12T15:52:10","date_gmt":"2024-09-12T15:52:10","guid":{"rendered":"https:\/\/www.imalare.com\/politica-de-cookies\/"},"modified":"2026-04-14T16:14:31","modified_gmt":"2026-04-14T16:14:31","slug":"politica-de-cookies","status":"publish","type":"page","link":"https:\/\/www.imalare.com\/es\/politica-de-cookies\/","title":{"rendered":"Pol\u00edtica de Cookies"},"content":{"rendered":"\n<h5 class=\"wp-block-heading has-x-large-font-size\">Las cookies nos ayudan a mejorar el funcionamiento de nuestro sitio web, por ejemplo, asegurando que los usuarios encuentren f\u00e1cilmente lo que est\u00e1n buscando.<\/h5>\n\n<h2 class=\"wp-block-heading\"><strong>Por qu\u00e9 usamos cookies en nuestro sitio web<\/strong><\/h2>\n\n<p>Podemos obtener informaci\u00f3n sobre su uso de nuestro sitio web mediante el uso de un archivo de cookies. Una cookie es un peque\u00f1o archivo de letras y n\u00fameros que almacenaremos en su navegador o en el disco duro de su computadora. <\/p>\n\n<p>Nuestro sitio web utiliza cookies, de conformidad con esta Pol\u00edtica de Cookies, para distinguirlo de otros usuarios de nuestro sitio web. Esto nos ayuda a brindarle una buena experiencia cuando navega por nuestro sitio web y tambi\u00e9n nos permite mejorar nuestro sitio y ofrecer un servicio mejor y m\u00e1s personalizado. <\/p>\n\n<p>A continuaci\u00f3n, hemos establecido los tipos de cookies que utilizamos y m\u00e1s detalles sobre el prop\u00f3sito de cada cookie individual. Cuando sea posible desactivar estas cookies, puede hacerlo desde la ventana emergente de cookies en la p\u00e1gina principal de nuestro sitio web y a la cual se puede acceder desde este <a href=\"javascript:void(0);\" aria-label=\"View cookie settings\" data-cc=\"c-settings\">enlace aqu\u00ed<\/a>. <\/p>\n\n<p>Puede negarse a aceptar ciertos tipos de cookies. Sin embargo, si selecciona esta configuraci\u00f3n, es posible que no pueda acceder a ciertas partes de nuestro sitio y\/o la funcionalidad de algunas partes de nuestro sitio web puede verse afectada. <\/p>\n\n<h2 class=\"wp-block-heading\"><strong>Las cookies que usamos en nuestro sitio web<\/strong><\/h2>\n\n<p>Utilizamos diferentes cookies para diferentes prop\u00f3sitos. M\u00e1s detalles sobre el tipo, prop\u00f3sito y duraci\u00f3n de cada cookie se establecen en las tablas a continuaci\u00f3n. Tenga en cuenta que podemos cambiar las cookies que utilizamos y nos esforzaremos por mantener esta lista lo m\u00e1s actualizada posible.  <\/p>\n\n<p>Nosotros mismos establecemos las cookies a continuaci\u00f3n. En algunos casos, proveedores terceros (incluyendo, por ejemplo, proveedores de servicios externos como servicios de an\u00e1lisis de tr\u00e1fico web) tambi\u00e9n pueden usar cookies para evaluar las formas en que usted utiliza el sitio web.  <\/p>\n\n<p>Cada cookie que utilizamos es una <strong>cookie de sesi\u00f3n<\/strong> o una <strong>cookie persistente<\/strong>. Una <strong>cookie de sesi\u00f3n<\/strong> permanecer\u00e1 en su navegador mientras est\u00e9 visitando el sitio web en esa ocasi\u00f3n, mientras que una <strong>cookie persistente<\/strong> permanecer\u00e1 en su lugar por m\u00e1s tiempo (por ejemplo, para recordar su contrase\u00f1a si visita el sitio web nuevamente). <\/p>\n\n<h3 class=\"wp-block-heading\"><strong>Estrictamente necesarias<\/strong><\/h3>\n\n<p>Estas cookies est\u00e1n siempre activas.<\/p>\n\n<p>Son esenciales para permitirle moverse por nuestro sitio web y utilizar sus funciones. Sin estas cookies, no se pueden proporcionar los servicios de nuestro sitio web a los que desea acceder. No puede desactivar estas cookies y continuar usando nuestro sitio web.  <\/p>\n\n<p>Puede encontrar m\u00e1s informaci\u00f3n sobre las cookies individuales que utilizamos y los prop\u00f3sitos para los cuales las usamos en la tabla a continuaci\u00f3n:<\/p>\n\n<div style=\"--cc-block-stripe-color: #ebebeb;\" class=\"wp-block-pressidium-cookies\">\n    <table\n        data-cookie-category=\"necessary\"\n        style=\"\"\n    >\n        <thead>\n            <tr>\n                \n                    <th\n                        style=\"border-color: #000000\"\n                        class=\"align-center\"\n                    >\n                        Name                    <\/th>\n\n                \n                    <th\n                        style=\"border-color: #000000\"\n                        class=\"align-center\"\n                    >\n                        Domain                    <\/th>\n\n                \n                    <th\n                        style=\"border-color: #000000\"\n                        class=\"align-center\"\n                    >\n                        Expiration                    <\/th>\n\n                \n                    <th\n                        style=\"border-color: #000000\"\n                        class=\"align-center\"\n                    >\n                        Description                    <\/th>\n\n                            <\/tr>\n        <\/thead>\n        <tbody>\n                            <tr>\n                    \n                        <td\n                            data-column=\"name\"\n                            class=\"align-left\"\n                            style=\"border-color: #000000\"\n                        >\n                            pressidium_cookie_consent                        <\/td>\n\n                    \n                        <td\n                            data-column=\"domain\"\n                            class=\"align-left\"\n                            style=\"border-color: #000000\"\n                        >\n                            .imalare.com                        <\/td>\n\n                    \n                        <td\n                            data-column=\"expiration\"\n                            class=\"align-left\"\n                            style=\"border-color: #000000\"\n                        >\n                            1 year                        <\/td>\n\n                    \n                        <td\n                            data-column=\"description\"\n                            class=\"align-left\"\n                            style=\"border-color: #000000\"\n                        >\n                            Tracks the pages requested by the visitor in a session for use by Piwik Analytics Platform.                        <\/td>\n\n                                    <\/tr>\n                    <\/tbody>\n    <\/table>\n<\/div>\n\n<h3 class=\"wp-block-heading\"><strong>An\u00e1lisis y rendimiento<\/strong><\/h3>\n\n<p>Estas cookies se activan una vez que nos ha dado su consentimiento.<\/p>\n\n<p>Estas cookies nos permiten reconocer y contar el n\u00famero de visitantes y ver c\u00f3mo los visitantes se mueven por el sitio cuando lo est\u00e1n usando, lo que significa que los datos que recibimos est\u00e1n agregados y anonimizados. Esto nos ayuda a mejorar el funcionamiento de nuestro sitio web, por ejemplo, asegurando que los usuarios encuentren f\u00e1cilmente lo que est\u00e1n buscando y realizando mejoras. Utilizamos varias herramientas diferentes para ayudarnos con esto, incluidas las proporcionadas por terceros.<\/p>\n\n<p>Puede encontrar m\u00e1s informaci\u00f3n sobre las cookies individuales que utilizamos y los prop\u00f3sitos para los cuales las usamos en la tabla a continuaci\u00f3n: <\/p>\n\n<div style=\"--cc-block-stripe-color: #ebebeb;\" class=\"wp-block-pressidium-cookies\">\n    <table\n        data-cookie-category=\"analytics\"\n        style=\"\"\n    >\n        <thead>\n            <tr>\n                \n                    <th\n                        style=\"border-color: #000000\"\n                        class=\"align-center\"\n                    >\n                        Name                    <\/th>\n\n                \n                    <th\n                        style=\"border-color: #000000\"\n                        class=\"align-center\"\n                    >\n                        Domain                    <\/th>\n\n                \n                    <th\n                        style=\"border-color: #000000\"\n                        class=\"align-center\"\n                    >\n                        Expiration                    <\/th>\n\n                \n                    <th\n                        style=\"border-color: #000000\"\n                        class=\"align-center\"\n                    >\n                        Description                    <\/th>\n\n                            <\/tr>\n        <\/thead>\n        <tbody>\n                            <tr>\n                    \n                        <td\n                            data-column=\"name\"\n                            class=\"align-left\"\n                            style=\"border-color: #000000\"\n                        >\n                            ^_pk_ses.*$                        <\/td>\n\n                    \n                        <td\n                            data-column=\"domain\"\n                            class=\"align-left\"\n                            style=\"border-color: #000000\"\n                        >\n                            www.imalare.com                        <\/td>\n\n                    \n                        <td\n                            data-column=\"expiration\"\n                            class=\"align-left\"\n                            style=\"border-color: #000000\"\n                        >\n                            30 min                        <\/td>\n\n                    \n                        <td\n                            data-column=\"description\"\n                            class=\"align-left\"\n                            style=\"border-color: #000000\"\n                        >\n                            Tracks the pages requested by the visitor in a session for use by Piwik Analytics Platform.                        <\/td>\n\n                                    <\/tr>\n                            <tr>\n                    \n                        <td\n                            data-column=\"name\"\n                            class=\"align-left\"\n                            style=\"border-color: #000000\"\n                        >\n                            ^_pk_id.*$                        <\/td>\n\n                    \n                        <td\n                            data-column=\"domain\"\n                            class=\"align-left\"\n                            style=\"border-color: #000000\"\n                        >\n                            www.imalare.com                        <\/td>\n\n                    \n                        <td\n                            data-column=\"expiration\"\n                            class=\"align-left\"\n                            style=\"border-color: #000000\"\n                        >\n                            1 year                        <\/td>\n\n                    \n                        <td\n                            data-column=\"description\"\n                            class=\"align-left\"\n                            style=\"border-color: #000000\"\n                        >\n                            Enables collection of statistics on user visit to the website anonymously. Information collected include pages read, average time spent and the number of visits.                        <\/td>\n\n                                    <\/tr>\n                    <\/tbody>\n    <\/table>\n<\/div>\n\n<h2 class=\"wp-block-heading\">Cookies de terceros<\/h2>\n\n<p>Adem\u00e1s de las cookies establecidas anteriormente, terceros tambi\u00e9n pueden usar cookies en nuestro sitio web, sobre las cuales no tenemos control. Estos terceros pueden incluir, por ejemplo, proveedores de servicios externos como servicios de an\u00e1lisis de tr\u00e1fico web. Estas cookies de terceros pueden ser cookies de an\u00e1lisis y rendimiento o cookies de segmentaci\u00f3n.  <\/p>\n\n<p>Para obtener informaci\u00f3n sobre c\u00f3mo desactivar el uso de cookies de terceros, consulte \u00abMantenimiento de cookies\u00bb a continuaci\u00f3n. <strong><\/strong><\/p>\n\n<h4 class=\"wp-block-heading\"><strong>MANTENIMIENTO DE COOKIES<\/strong><\/h4>\n\n<p>Adem\u00e1s de las configuraciones disponibles en la ventana emergente de cookies en la p\u00e1gina principal de nuestro sitio web, puede configurar su navegador para aceptar o rechazar cookies de manera m\u00e1s general. Estas configuraciones generalmente se encuentran en el men\u00fa &#8216;opciones&#8217; o &#8216;preferencias&#8217; de su navegador de internet. Para comprender estas configuraciones, los siguientes enlaces pueden ser \u00fatiles. De lo contrario, debe usar la opci\u00f3n &#8216;Ayuda&#8217; en su navegador de internet para obtener m\u00e1s detalles. Para obtener informaci\u00f3n sobre c\u00f3mo restringir o bloquear cookies en su tel\u00e9fono m\u00f3vil, deber\u00e1 consultar el manual de su dispositivo.     <\/p>\n\n<p>Haga clic en los enlaces a continuaci\u00f3n para configurar las cookies en:<\/p>\n\n<p><a href=\"https:\/\/support.google.com\/chrome\/answer\/95647?hl=en\">Chrome<\/a><br\/><a href=\"http:\/\/windows.microsoft.com\/en-gb\/internet-explorer\/delete-manage-cookies#ie=ie-11\">Internet Explorer<\/a><br\/><a href=\"https:\/\/support.mozilla.org\/en-US\/kb\/cookies-information-websites-store-on-your-computer?redirectlocale=en-US&amp;redirectslug=Cookies\">Firefox<\/a><br\/><a href=\"https:\/\/support.apple.com\/en-us\/HT201265\">Safari<\/a><\/p>\n\n<p>Tambi\u00e9n puede configurar su navegador para que le avise cada vez que se presente una cookie en su computadora. Tenga en cuenta que si nos impide colocar cookies en su computadora durante su visita, o si posteriormente elimina una cookie que se ha colocado, es posible que no pueda usar ciertos aspectos de nuestro sitio web de manera efectiva.<\/p>\n\n<p>Al desactivar sus cookies desde la configuraci\u00f3n del navegador, estar\u00e1 restringiendo las cookies que utilizamos para administrar nuestro sitio web. Esto se aplicar\u00e1 a todos los sitios web una vez que las cookies est\u00e9n desactivadas a trav\u00e9s de la configuraci\u00f3n de su navegador y no solo al nuestro.<\/p>\n\n<h4 class=\"wp-block-heading\"><strong>CAMBIOS A ESTA POL\u00cdTICA DE COOKIES<\/strong><\/h4>\n\n<p>Podemos modificar esta Pol\u00edtica de Cookies en cualquier momento. Si no est\u00e1 de acuerdo con los cambios que realicemos, no debe usar ni acceder (o continuar usando o accediendo) al sitio web. Cualquier cambio en nuestra Pol\u00edtica de Cookies se publicar\u00e1 en esta p\u00e1gina.<\/p>\n\n<h4 class=\"wp-block-heading\"><strong>CONT\u00c1CTENOS<\/strong><\/h4>\n\n<p>Agradecemos cualquier consulta, comentario o solicitud que pueda tener con respecto a esta Pol\u00edtica de Cookies.<\/p>\n\n<p>No dude en contactarnos:<\/p>\n\n<ul class=\"wp-block-list\">\n<li>escr\u00edbanos a Fidelis Marketing Limited, 22 Bishopsgate, 42nd Floor, London, EC2N 4BQ; o<\/li>\n\n\n\n<li>escriba para dataprotection@fidelispartnership.com.<\/li>\n<\/ul>\n\n<p><em>\u00daltima edici\u00f3n: noviembre de 2025<\/em><\/p>\n\n<p><\/p>\n","protected":false},"excerpt":{"rendered":"<p>Las cookies nos ayudan a mejorar el funcionamiento de nuestro sitio web, por ejemplo, asegurando que los usuarios encuentren f\u00e1cilmente lo que est\u00e1n buscando. Por qu\u00e9 usamos cookies en nuestro sitio web Podemos obtener informaci\u00f3n sobre su uso de nuestro sitio web mediante el uso de un archivo de cookies. Una cookie es un peque\u00f1o [&hellip;]<\/p>\n","protected":false},"author":7,"featured_media":0,"parent":0,"menu_order":0,"comment_status":"closed","ping_status":"closed","template":"","meta":{"footnotes":""},"class_list":["post-1022","page","type-page","status-publish","hentry"],"_links":{"self":[{"href":"https:\/\/www.imalare.com\/es\/wp-json\/wp\/v2\/pages\/1022","targetHints":{"allow":["GET"]}}],"collection":[{"href":"https:\/\/www.imalare.com\/es\/wp-json\/wp\/v2\/pages"}],"about":[{"href":"https:\/\/www.imalare.com\/es\/wp-json\/wp\/v2\/types\/page"}],"author":[{"embeddable":true,"href":"https:\/\/www.imalare.com\/es\/wp-json\/wp\/v2\/users\/7"}],"replies":[{"embeddable":true,"href":"https:\/\/www.imalare.com\/es\/wp-json\/wp\/v2\/comments?post=1022"}],"version-history":[{"count":0,"href":"https:\/\/www.imalare.com\/es\/wp-json\/wp\/v2\/pages\/1022\/revisions"}],"wp:attachment":[{"href":"https:\/\/www.imalare.com\/es\/wp-json\/wp\/v2\/media?parent=1022"}],"curies":[{"name":"wp","href":"https:\/\/api.w.org\/{rel}","templated":true}]}}