{"id":1032,"date":"2025-12-09T11:19:14","date_gmt":"2025-12-09T11:19:14","guid":{"rendered":"https:\/\/www.imalare.com\/creditos\/"},"modified":"2025-12-09T15:31:36","modified_gmt":"2025-12-09T15:31:36","slug":"creditos","status":"publish","type":"page","link":"https:\/\/www.imalare.com\/es\/creditos\/","title":{"rendered":"Cr\u00e9ditos"},"content":{"rendered":"\n<p>Este sitio fue dise\u00f1ado y construido por <strong><a href=\"https:\/\/amigopartnership.com\/\">Amigo Partnership<\/a><\/strong>, una agencia creativa integrada que combina la perspicacia humana y la inteligencia artificial para ofrecer estrategias de marca m\u00e1s precisas, creatividad destacada y experiencias digitales de alto impacto.<\/p>\n\n<p>Amigo Partnership se especializa en:<\/p>\n\n<ul class=\"wp-block-list\">\n<li>Estrategia de marca y posicionamiento<\/li>\n\n\n\n<li>Identidad visual y dise\u00f1o<\/li>\n\n\n\n<li>Dise\u00f1o y desarrollo web<\/li>\n\n\n\n<li>Dise\u00f1o UX\/UI y creaci\u00f3n de contenido<\/li>\n\n\n\n<li>Entrega digital (web, comercio electr\u00f3nico, CRM, campa\u00f1as)<\/li>\n<\/ul>\n\n<p>Creemos en la creatividad real y centrada en el ser humano, potenciada por datos y herramientas inteligentes, ayudando a las marcas a crecer m\u00e1s fuertes, m\u00e1s r\u00e1pido y de manera m\u00e1s inteligente.<\/p>\n\n<p><strong>Amigo Partnership (UK) Ltd<\/strong><br\/>32 Blackfriars Rd, London, SE1 8PB<br\/>Website: <a href=\"https:\/\/www.amigopartnership.com\/\">www.amigopartnership.com<\/a><br\/>Correo electr\u00f3nico: <a href=\"mailto:info@amigopartnership.com\">info@amigopartnership.com<\/a><\/p>\n","protected":false},"excerpt":{"rendered":"<p>Este sitio fue dise\u00f1ado y construido por Amigo Partnership, una agencia creativa integrada que combina la perspicacia humana y la inteligencia artificial para ofrecer estrategias de marca m\u00e1s precisas, creatividad destacada y experiencias digitales de alto impacto. Amigo Partnership se especializa en: Creemos en la creatividad real y centrada en el ser humano, potenciada por [&hellip;]<\/p>\n","protected":false},"author":7,"featured_media":0,"parent":0,"menu_order":0,"comment_status":"closed","ping_status":"closed","template":"","meta":{"footnotes":""},"class_list":["post-1032","page","type-page","status-publish","hentry"],"_links":{"self":[{"href":"https:\/\/www.imalare.com\/es\/wp-json\/wp\/v2\/pages\/1032","targetHints":{"allow":["GET"]}}],"collection":[{"href":"https:\/\/www.imalare.com\/es\/wp-json\/wp\/v2\/pages"}],"about":[{"href":"https:\/\/www.imalare.com\/es\/wp-json\/wp\/v2\/types\/page"}],"author":[{"embeddable":true,"href":"https:\/\/www.imalare.com\/es\/wp-json\/wp\/v2\/users\/7"}],"replies":[{"embeddable":true,"href":"https:\/\/www.imalare.com\/es\/wp-json\/wp\/v2\/comments?post=1032"}],"version-history":[{"count":0,"href":"https:\/\/www.imalare.com\/es\/wp-json\/wp\/v2\/pages\/1032\/revisions"}],"wp:attachment":[{"href":"https:\/\/www.imalare.com\/es\/wp-json\/wp\/v2\/media?parent=1032"}],"curies":[{"name":"wp","href":"https:\/\/api.w.org\/{rel}","templated":true}]}}