{"id":1033,"date":"2024-09-12T15:52:14","date_gmt":"2024-09-12T15:52:14","guid":{"rendered":"https:\/\/www.imalare.com\/denuncia-de-irregularidades\/"},"modified":"2025-12-09T15:33:22","modified_gmt":"2025-12-09T15:33:22","slug":"denuncia-de-irregularidades","status":"publish","type":"page","link":"https:\/\/www.imalare.com\/es\/denuncia-de-irregularidades\/","title":{"rendered":"Denuncia de irregularidades"},"content":{"rendered":"\n<p>Creemos en mantener los m\u00e1s altos est\u00e1ndares de integridad y responsabilidad en todas nuestras actividades. Si ha sido testigo de alguna mala conducta o comportamiento poco \u00e9tico, le animamos a que lo informe utilizando nuestro formulario seguro de denuncia de irregularidades. Su valent\u00eda al hablar es invaluable para ayudarnos a mantener nuestros valores y garantizar un entorno seguro y \u00e9tico para todos.<\/p>\n\n<p>Tenga en cuenta: Al hacer clic en el enlace a continuaci\u00f3n, ser\u00e1 dirigido a una nueva p\u00e1gina donde podr\u00e1 enviar su informe de forma an\u00f3nima. Le aseguramos que cada informe ser\u00e1 tratado con la m\u00e1xima confidencialidad y respeto.<\/p>\n\n<div class=\"wp-block-buttons is-layout-flex wp-block-buttons-is-layout-flex\">\n<div class=\"wp-block-button\"><a class=\"wp-block-button__link wp-element-button\" href=\"https:\/\/fidelisinsurance.navexone.eu\/incidents\/custom\/fidelisinsurance\/forms\/mgr\/form_data.asp?lang=en\" target=\"_blank\" rel=\"noreferrer noopener\">Formulario de denuncia de irregularidades<\/a><\/div>\n<\/div>\n\n<p><\/p>\n","protected":false},"excerpt":{"rendered":"<p>Creemos en mantener los m\u00e1s altos est\u00e1ndares de integridad y responsabilidad en todas nuestras actividades. Si ha sido testigo de alguna mala conducta o comportamiento poco \u00e9tico, le animamos a que lo informe utilizando nuestro formulario seguro de denuncia de irregularidades. Su valent\u00eda al hablar es invaluable para ayudarnos a mantener nuestros valores y garantizar [&hellip;]<\/p>\n","protected":false},"author":7,"featured_media":0,"parent":0,"menu_order":0,"comment_status":"closed","ping_status":"closed","template":"","meta":{"footnotes":""},"class_list":["post-1033","page","type-page","status-publish","hentry"],"_links":{"self":[{"href":"https:\/\/www.imalare.com\/es\/wp-json\/wp\/v2\/pages\/1033","targetHints":{"allow":["GET"]}}],"collection":[{"href":"https:\/\/www.imalare.com\/es\/wp-json\/wp\/v2\/pages"}],"about":[{"href":"https:\/\/www.imalare.com\/es\/wp-json\/wp\/v2\/types\/page"}],"author":[{"embeddable":true,"href":"https:\/\/www.imalare.com\/es\/wp-json\/wp\/v2\/users\/7"}],"replies":[{"embeddable":true,"href":"https:\/\/www.imalare.com\/es\/wp-json\/wp\/v2\/comments?post=1033"}],"version-history":[{"count":0,"href":"https:\/\/www.imalare.com\/es\/wp-json\/wp\/v2\/pages\/1033\/revisions"}],"wp:attachment":[{"href":"https:\/\/www.imalare.com\/es\/wp-json\/wp\/v2\/media?parent=1033"}],"curies":[{"name":"wp","href":"https:\/\/api.w.org\/{rel}","templated":true}]}}