{"id":1034,"date":"2024-09-12T15:52:14","date_gmt":"2024-09-12T15:52:14","guid":{"rendered":"https:\/\/www.imalare.com\/politica-de-privacidad\/"},"modified":"2025-12-09T15:35:30","modified_gmt":"2025-12-09T15:35:30","slug":"politica-de-privacidad","status":"publish","type":"page","link":"https:\/\/www.imalare.com\/es\/politica-de-privacidad\/","title":{"rendered":"Pol\u00edtica de privacidad"},"content":{"rendered":"\n<h4 class=\"wp-block-heading\">Esta pol\u00edtica de privacidad establece c\u00f3mo Imala Re LLC (\u00abImala Re\u00bb) utiliza y protege cualquier informaci\u00f3n que usted proporcione cuando utiliza este sitio web.<\/h4>\n\n<p>Imala Re es un agente general administrador de (re)seguros comerciales dirigido por corredores y es una empresa del grupo de The Fidelis Partnership. En el curso de sus negocios, Imala Re act\u00faa como controlador de datos personales. Los datos personales son informaci\u00f3n en posesi\u00f3n o bajo el control de Imala Re que se relaciona con sus proveedores, clientes, personas que utilizan nuestro sitio web o personas que de otro modo tienen tratos con nosotros y que lo identifica por s\u00ed misma o es informaci\u00f3n que puede usarse para identificarlo cuando se usa en combinaci\u00f3n con otros datos que poseemos. Lea nuestros avisos de privacidad cuidadosamente y cuando utilice el sitio web de Imala Re, estos avisos deben leerse junto con los t\u00e9rminos y condiciones de ese sitio web.<\/p>\n\n<p><a href=\"\/wp-content\/uploads\/2025\/03\/The-Fidelis-Partnership-Service-Company-Privacy-Notice_SEV.pdf\" data-type=\"link\" data-id=\"https:\/\/www.imalare.com\/wp-content\/uploads\/2025\/03\/The-Fidelis-Partnership-Service-Company-Privacy-Notice_SEV.pdf\">The Fidelis Partnership Service Company Privacy Notice<\/a><\/p>\n\n<p><a href=\"\/wp-content\/uploads\/2025\/03\/The-Fidelis-Partnership-Insurance-and-Underwriting-Privacy-Notice_SEV.pdf\" data-type=\"link\" data-id=\"\/wp-content\/uploads\/2025\/02\/The-Fidelis-Partnership-Insurance-and-Underwriting-Privacy-Notice_SIL.pdf\">The Fidelis Partnership Insurance and Underwriting Privacy Notice<\/a><\/p>\n","protected":false},"excerpt":{"rendered":"<p>Esta pol\u00edtica de privacidad establece c\u00f3mo Imala Re LLC (\u00abImala Re\u00bb) utiliza y protege cualquier informaci\u00f3n que usted proporcione cuando utiliza este sitio web. Imala Re es un agente general administrador de (re)seguros comerciales dirigido por corredores y es una empresa del grupo de The Fidelis Partnership. En el curso de sus negocios, Imala Re [&hellip;]<\/p>\n","protected":false},"author":7,"featured_media":0,"parent":0,"menu_order":0,"comment_status":"closed","ping_status":"closed","template":"","meta":{"footnotes":""},"class_list":["post-1034","page","type-page","status-publish","hentry"],"_links":{"self":[{"href":"https:\/\/www.imalare.com\/es\/wp-json\/wp\/v2\/pages\/1034","targetHints":{"allow":["GET"]}}],"collection":[{"href":"https:\/\/www.imalare.com\/es\/wp-json\/wp\/v2\/pages"}],"about":[{"href":"https:\/\/www.imalare.com\/es\/wp-json\/wp\/v2\/types\/page"}],"author":[{"embeddable":true,"href":"https:\/\/www.imalare.com\/es\/wp-json\/wp\/v2\/users\/7"}],"replies":[{"embeddable":true,"href":"https:\/\/www.imalare.com\/es\/wp-json\/wp\/v2\/comments?post=1034"}],"version-history":[{"count":0,"href":"https:\/\/www.imalare.com\/es\/wp-json\/wp\/v2\/pages\/1034\/revisions"}],"wp:attachment":[{"href":"https:\/\/www.imalare.com\/es\/wp-json\/wp\/v2\/media?parent=1034"}],"curies":[{"name":"wp","href":"https:\/\/api.w.org\/{rel}","templated":true}]}}