{"id":1037,"date":"2024-09-12T15:52:14","date_gmt":"2024-09-12T15:52:14","guid":{"rendered":"https:\/\/www.imalare.com\/terminos-y-condiciones\/"},"modified":"2025-12-09T15:41:51","modified_gmt":"2025-12-09T15:41:51","slug":"terminos-y-condiciones","status":"publish","type":"page","link":"https:\/\/www.imalare.com\/es\/terminos-y-condiciones\/","title":{"rendered":"T\u00e9rminos y condiciones"},"content":{"rendered":"\n<h3 class=\"wp-block-heading\">Introducci\u00f3n<\/h3>\n\n<p>Estos T\u00e9rminos y Condiciones Est\u00e1ndar del Sitio Web (estos \u00abT\u00e9rminos\u00bb o estos \u00abT\u00e9rminos y Condiciones Est\u00e1ndar del Sitio Web\u00bb) contenidos en esta p\u00e1gina web, regir\u00e1n su uso de este sitio web, incluidas todas las p\u00e1ginas dentro de este sitio web (denominadas colectivamente en adelante como este \u00abSitio Web\u00bb). Estos T\u00e9rminos se aplican con plena vigencia y efecto a su uso de este Sitio Web y al usar este Sitio Web, usted acepta expresamente todos los t\u00e9rminos y condiciones contenidos en el mismo en su totalidad. No debe usar este Sitio Web si tiene alguna objeci\u00f3n a cualquiera de estos T\u00e9rminos y Condiciones Est\u00e1ndar del Sitio Web.<\/p>\n\n<h3 class=\"wp-block-heading\">Derechos de propiedad intelectual<\/h3>\n\n<p>Bajo estos T\u00e9rminos, Imala Re y sus subsidiarias (\u00abImala Re\u00bb) y\/o sus licenciantes poseen todos los derechos sobre la propiedad intelectual y el material contenido en este Sitio Web, y todos esos derechos est\u00e1n reservados.<\/p>\n\n<p>Se le otorga una licencia limitada \u00fanicamente, sujeta a las restricciones proporcionadas en estos T\u00e9rminos, con el prop\u00f3sito de ver el material contenido en este Sitio Web.<\/p>\n\n<h3 class=\"wp-block-heading\">Uso de cookies en este sitio web<\/h3>\n\n<p>Con el fin de ayudarnos a mejorar el contenido, formato y estructura de este sitio web, registramos y analizamos c\u00f3mo los visitantes usan el sitio web. Para este prop\u00f3sito utilizamos Google Analytics.<\/p>\n\n<p>Google Analytics es un servicio de an\u00e1lisis web proporcionado por Google, Inc. (\u00abGoogle\u00bb). Google Analytics utiliza \u00abcookies\u00bb, que son archivos de texto colocados en su computadora, para ayudar al sitio web a analizar c\u00f3mo los usuarios usan el sitio. La informaci\u00f3n generada por la cookie sobre su uso del sitio web (incluida su direcci\u00f3n IP) ser\u00e1 transmitida y almacenada por Google en servidores en los Estados Unidos. Google utilizar\u00e1 esta informaci\u00f3n con el prop\u00f3sito de evaluar su uso del sitio web, compilar informes sobre la actividad del sitio web para los operadores del sitio web y proporcionar otros servicios relacionados con la actividad del sitio web y el uso de internet. Google tambi\u00e9n puede transferir esta informaci\u00f3n a terceros cuando sea requerido por ley, o cuando dichos terceros procesen la informaci\u00f3n en nombre de Google. Google no asociar\u00e1 su direcci\u00f3n IP con ning\u00fan otro dato en posesi\u00f3n de Google. Puede rechazar el uso de cookies seleccionando la configuraci\u00f3n apropiada en su navegador; sin embargo, tenga en cuenta que si hace esto, es posible que no pueda usar la funcionalidad completa de este sitio web. Al usar este sitio web, usted consiente el procesamiento de datos sobre usted por parte de Google de la manera y para los prop\u00f3sitos establecidos anteriormente. Para obtener m\u00e1s informaci\u00f3n sobre c\u00f3mo habilitar y deshabilitar cookies, visite <a href=\"https:\/\/www.aboutcookies.org\/\">About Cookies<\/a>.<\/p>\n\n<h3 class=\"wp-block-heading\">Restricciones<\/h3>\n\n<p>Usted est\u00e1 expresa y enf\u00e1ticamente restringido de todo lo siguiente:<\/p>\n\n<ol class=\"wp-block-list\">\n<li>publicar cualquier material del Sitio Web en cualquier medio;<\/li>\n\n\n\n<li>vender, sublicenciar y\/o comercializar de otro modo cualquier material del Sitio Web;<\/li>\n\n\n\n<li>realizar y\/o mostrar p\u00fablicamente cualquier material del Sitio Web;<\/li>\n\n\n\n<li>usar este Sitio Web de cualquier manera que sea, o pueda ser, perjudicial para este Sitio Web;<\/li>\n\n\n\n<li>usar este Sitio Web de cualquier manera que impacte el acceso de los usuarios a este Sitio Web;<\/li>\n\n\n\n<li>usar este Sitio Web de manera contraria a las leyes y regulaciones aplicables, o de una manera que cause, o pueda causar, da\u00f1o al Sitio Web, o a cualquier persona o entidad comercial;<\/li>\n\n\n\n<li>participar en cualquier miner\u00eda de datos, recopilaci\u00f3n de datos, extracci\u00f3n de datos o cualquier otra actividad similar en relaci\u00f3n con este Sitio Web, o mientras usa este Sitio Web; o<\/li>\n\n\n\n<li>usar este Sitio Web para participar en cualquier publicidad o marketing.<\/li>\n<\/ol>\n\n<h3 class=\"wp-block-heading\">Sin garant\u00edas<\/h3>\n\n<p>Este Sitio Web se proporciona \u00abtal cual\u00bb, con todos los defectos, e Imala Re no hace representaciones o garant\u00edas expresas o impl\u00edcitas, de ning\u00fan tipo relacionadas con este Sitio Web o los materiales contenidos en este Sitio Web. Adem\u00e1s, nada contenido en este Sitio Web se interpretar\u00e1 como que proporciona consultor\u00eda o asesoramiento para usted.<\/p>\n\n<h3 class=\"wp-block-heading\">Limitaci\u00f3n de responsabilidad<\/h3>\n\n<p>En ning\u00fan caso Imala Re, ni ninguno de sus funcionarios, directores y empleados, ser\u00e1n responsables ante usted por cualquier cosa que surja de o est\u00e9 relacionada de alguna manera con su uso de este Sitio Web, ya sea que dicha responsabilidad sea bajo contrato, agravio o de otro modo, e Imala Re, incluidos sus funcionarios, directores y empleados, no ser\u00e1n responsables de ninguna responsabilidad indirecta, consecuente o especial que surja de o est\u00e9 relacionada de alguna manera con su uso de este Sitio Web.<\/p>\n\n<h3 class=\"wp-block-heading\">Indemnizaci\u00f3n<\/h3>\n\n<p>Usted por la presente indemniza en la mayor medida posible a Imala Re de y contra todas y cada una de las responsabilidades, costos, demandas, causas de acci\u00f3n, da\u00f1os y gastos (incluidos los honorarios razonables de abogados) que surjan de o est\u00e9n relacionados de alguna manera con su incumplimiento de cualquiera de las disposiciones de estos T\u00e9rminos.<\/p>\n\n<h3 class=\"wp-block-heading\">Divisibilidad<\/h3>\n\n<p>Si alguna disposici\u00f3n de estos T\u00e9rminos se considera inaplicable o inv\u00e1lida bajo cualquier ley aplicable, dicha inaplicabilidad o invalidez no har\u00e1 que estos T\u00e9rminos sean inaplicables o inv\u00e1lidos en su totalidad, y dichas disposiciones se eliminar\u00e1n sin afectar las disposiciones restantes en el presente.<\/p>\n\n<h3 class=\"wp-block-heading\">Variaci\u00f3n de los t\u00e9rminos<\/h3>\n\n<p>Imala Re est\u00e1 autorizada a revisar estos T\u00e9rminos en cualquier momento seg\u00fan lo considere conveniente, y al usar este Sitio Web se espera que revise dichos T\u00e9rminos de manera regular para asegurarse de comprender todos los t\u00e9rminos y condiciones que rigen el uso de este Sitio Web.<\/p>\n\n<h3 class=\"wp-block-heading\">Cesi\u00f3n<\/h3>\n\n<p>Imala Re estar\u00e1 autorizada a asignar, transferir y subcontratar sus derechos y\/u obligaciones bajo estos T\u00e9rminos sin ninguna notificaci\u00f3n o consentimiento requerido. Sin embargo, usted no estar\u00e1 autorizado a asignar, transferir o subcontratar ninguno de sus derechos y\/u obligaciones bajo estos T\u00e9rminos.<\/p>\n\n<h3 class=\"wp-block-heading\">Acuerdo completo<\/h3>\n\n<p>Estos T\u00e9rminos, incluidos los avisos legales y descargos de responsabilidad y la Pol\u00edtica de Privacidad contenida en este Sitio Web, constituyen el acuerdo completo entre Imala Re y usted en relaci\u00f3n con su uso de este Sitio Web, y reemplazan todos los acuerdos y entendimientos previos con respecto al mismo.<\/p>\n\n<h3 class=\"wp-block-heading\">Ley aplicable y jurisdicci\u00f3n<\/h3>\n\n<p>Estos T\u00e9rminos se regir\u00e1n e interpretar\u00e1n de acuerdo con las leyes de Inglaterra y Gales, y usted se somete a la jurisdicci\u00f3n exclusiva de los tribunales ubicados en Inglaterra y Gales para la resoluci\u00f3n de cualquier disputa.<\/p>\n","protected":false},"excerpt":{"rendered":"<p>Introducci\u00f3n Estos T\u00e9rminos y Condiciones Est\u00e1ndar del Sitio Web (estos \u00abT\u00e9rminos\u00bb o estos \u00abT\u00e9rminos y Condiciones Est\u00e1ndar del Sitio Web\u00bb) contenidos en esta p\u00e1gina web, regir\u00e1n su uso de este sitio web, incluidas todas las p\u00e1ginas dentro de este sitio web (denominadas colectivamente en adelante como este \u00abSitio Web\u00bb). Estos T\u00e9rminos se aplican con plena [&hellip;]<\/p>\n","protected":false},"author":7,"featured_media":0,"parent":0,"menu_order":0,"comment_status":"closed","ping_status":"closed","template":"","meta":{"footnotes":""},"class_list":["post-1037","page","type-page","status-publish","hentry"],"_links":{"self":[{"href":"https:\/\/www.imalare.com\/es\/wp-json\/wp\/v2\/pages\/1037","targetHints":{"allow":["GET"]}}],"collection":[{"href":"https:\/\/www.imalare.com\/es\/wp-json\/wp\/v2\/pages"}],"about":[{"href":"https:\/\/www.imalare.com\/es\/wp-json\/wp\/v2\/types\/page"}],"author":[{"embeddable":true,"href":"https:\/\/www.imalare.com\/es\/wp-json\/wp\/v2\/users\/7"}],"replies":[{"embeddable":true,"href":"https:\/\/www.imalare.com\/es\/wp-json\/wp\/v2\/comments?post=1037"}],"version-history":[{"count":0,"href":"https:\/\/www.imalare.com\/es\/wp-json\/wp\/v2\/pages\/1037\/revisions"}],"wp:attachment":[{"href":"https:\/\/www.imalare.com\/es\/wp-json\/wp\/v2\/media?parent=1037"}],"curies":[{"name":"wp","href":"https:\/\/api.w.org\/{rel}","templated":true}]}}