{"id":995,"date":"2024-09-12T15:52:14","date_gmt":"2024-09-12T15:52:14","guid":{"rendered":"https:\/\/www.imalare.com\/inicio\/"},"modified":"2026-02-23T09:34:22","modified_gmt":"2026-02-23T09:34:22","slug":"inicio","status":"publish","type":"page","link":"https:\/\/www.imalare.com\/es\/","title":{"rendered":"Inicio"},"content":{"rendered":"\n<h2 class=\"wp-block-heading\" id=\"what-we-do\">Qu\u00e9 Hacemos<\/h2>\n\n<p><strong><mark style=\"background-color:rgba(0, 0, 0, 0)\" class=\"has-inline-color has-primary-color\">Imala Re LLC <\/mark><\/strong>es una agencia de suscripci\u00f3n (MGA) con sede en Miami, especializado en contratos de reaseguro en las l\u00edneas de Incendio y l\u00edneas aliadas, Autom\u00f3vil y Mar\u00edtimo. Nuestro enfoque est\u00e1 en servir a clientes en toda Am\u00e9rica Latina y el Caribe.<\/p>\n\n<p>Fundada en <strong>2025<\/strong>, Imala Re opera como parte de la <strong>plataforma de Pine Walk<\/strong>, respaldada por <strong>The Fidelis Partnership<\/strong>. El origines nativos americanos y significa <strong>determinaci\u00f3n y disciplina<\/strong>, valores que definen nuestro enfoque de negocios.<\/p>\n\n<h5 class=\"wp-block-heading\"><strong>Tipo<\/strong><\/h5>\n\n<p>El enfoque de Imala Re es exclusivamente en contratos de reaseguro:<\/p>\n\n<ul class=\"wp-block-list\">\n<li>Programas de cobertura Catastr\u00f3ficos: CXL, QS y RPP<\/li>\n\n\n\n<li>Programas exceso de perdida por riesgo<\/li>\n<\/ul>\n\n<h5 class=\"wp-block-heading\"><strong>Alcance Geogr\u00e1fico<\/strong><\/h5>\n\n<ul class=\"wp-block-list\">\n<li>M\u00e9xico<\/li>\n\n\n\n<li>Toda Centroam\u00e9rica<\/li>\n\n\n\n<li>Toda Sudam\u00e9rica<\/li>\n\n\n\n<li>Todo el Caribe<\/li>\n\n\n\n<li>Programas Regionales<\/li>\n<\/ul>\n\n<div style=\"height:100px\" aria-hidden=\"true\" class=\"wp-block-spacer\"><\/div>\n\n<h2 class=\"wp-block-heading\" id=\"about-us\">Sobre Nosotros<\/h2>\n\n<div class=\"wp-block-columns is-layout-flex wp-container-core-columns-is-layout-212ad063 wp-block-columns-is-layout-flex\" style=\"margin-bottom:var(--wp--preset--spacing--70)\">\n<div class=\"wp-block-column is-layout-flow wp-block-column-is-layout-flow\" style=\"flex-basis:25%\">\n<figure class=\"wp-block-image aligncenter size-full is-resized is-style-rounded\"><img decoding=\"async\" width=\"768\" height=\"768\" data-src=\"https:\/\/www.imalare.com\/wp-content\/uploads\/2025\/12\/Photo-IFV-square-768x768-1.png\" alt=\"\" class=\"wp-image-973 lazyload\" style=\"--smush-placeholder-width: 768px; --smush-placeholder-aspect-ratio: 768\/768;aspect-ratio:1;object-fit:cover;width:300px\" data-srcset=\"https:\/\/www.imalare.com\/wp-content\/uploads\/2025\/12\/Photo-IFV-square-768x768-1.png 768w, https:\/\/www.imalare.com\/wp-content\/uploads\/2025\/12\/Photo-IFV-square-768x768-1-300x300.png 300w, https:\/\/www.imalare.com\/wp-content\/uploads\/2025\/12\/Photo-IFV-square-768x768-1-150x150.png 150w\" data-sizes=\"(max-width: 768px) 100vw, 768px\" src=\"data:image\/svg+xml;base64,PHN2ZyB3aWR0aD0iMSIgaGVpZ2h0PSIxIiB4bWxucz0iaHR0cDovL3d3dy53My5vcmcvMjAwMC9zdmciPjwvc3ZnPg==\" \/><\/figure>\n<\/div>\n\n\n\n<div class=\"wp-block-column is-vertically-aligned-center is-layout-flow wp-block-column-is-layout-flow\" style=\"flex-basis:75%\">\n<h3 class=\"wp-block-heading\">Ivan Vega<\/h3>\n\n\n\n<h4 class=\"wp-block-heading\" style=\"margin-top:0;margin-bottom:0\"><strong>CEO<\/strong><\/h4>\n\n\n\n<p>Ivan fund\u00f3 lmala Re en octubre de 2025. Cuenta con m\u00e1s de 30 a\u00f1os de experiencia en la industria del reaseguro, enfocado en Am\u00e9rica Latina y el Caribe. M\u00e1s recientemente estuvo en Navigators Re, donde ocup\u00f3 el cargo de Director de Am\u00e9rica Latina y el Cari be desde 2010, desarrollando un portafolio de contratos de reaseguro en la regi\u00f3n. Anteriormente, Ivan trabajo 8 a\u00f1os como Director de Facultativo de Propiedad para Am\u00e9rica Latina y el Caribe en White Mountains (EE.UU.).<\/p>\n<\/div>\n<\/div>\n\n<div class=\"wp-block-columns is-layout-flex wp-container-core-columns-is-layout-212ad063 wp-block-columns-is-layout-flex\" style=\"margin-bottom:var(--wp--preset--spacing--70)\">\n<div class=\"wp-block-column is-layout-flow wp-block-column-is-layout-flow\" style=\"flex-basis:25%\">\n<figure class=\"wp-block-image aligncenter size-full is-resized is-style-rounded\"><img decoding=\"async\" width=\"380\" height=\"380\" data-src=\"https:\/\/www.imalare.com\/wp-content\/uploads\/2026\/02\/Edward-Herrera_-White-background-TFP-Headshot-Template.png\" alt=\"\" class=\"wp-image-1091 lazyload\" style=\"--smush-placeholder-width: 380px; --smush-placeholder-aspect-ratio: 380\/380;aspect-ratio:1;object-fit:cover;width:300px\" data-srcset=\"https:\/\/www.imalare.com\/wp-content\/uploads\/2026\/02\/Edward-Herrera_-White-background-TFP-Headshot-Template.png 380w, https:\/\/www.imalare.com\/wp-content\/uploads\/2026\/02\/Edward-Herrera_-White-background-TFP-Headshot-Template-300x300.png 300w, https:\/\/www.imalare.com\/wp-content\/uploads\/2026\/02\/Edward-Herrera_-White-background-TFP-Headshot-Template-150x150.png 150w\" data-sizes=\"(max-width: 380px) 100vw, 380px\" src=\"data:image\/svg+xml;base64,PHN2ZyB3aWR0aD0iMSIgaGVpZ2h0PSIxIiB4bWxucz0iaHR0cDovL3d3dy53My5vcmcvMjAwMC9zdmciPjwvc3ZnPg==\" \/><\/figure>\n<\/div>\n\n\n\n<div class=\"wp-block-column is-vertically-aligned-center is-layout-flow wp-block-column-is-layout-flow\" style=\"flex-basis:75%\">\n<h3 class=\"wp-block-heading\">Edward Herrera<\/h3>\n\n\n\n<h4 class=\"wp-block-heading\" style=\"margin-top:0;margin-bottom:0\"><strong>Subdirector de Suscripci\u00f3n<\/strong><\/h4>\n\n\n\n<p>Edward Herrera cuenta con m\u00e1s de 25 a\u00f1os de experiencia en reaseguros, con un gran enfoque en Am\u00e9rica Latina y el Caribe. Actualmente ocupa el cargo de Subdirector de Suscripci\u00f3n en Imala Re, donde trabaja estrechamente con el Director Ejecutivo (CEO) para apoyar el crecimiento de la cartera latinoamericana de la compa\u00f1\u00eda. Previamente, ocup\u00f3 posiciones senior de suscripci\u00f3n en MS Reinsurance, Everest Reinsurance y Flagstone Reinsurance.<\/p>\n<\/div>\n<\/div>\n\n<p class=\"has-text-align-center\">Para m\u00e1s informaci\u00f3n sobre <mark style=\"background-color:rgba(0, 0, 0, 0)\" class=\"has-inline-color has-primary-color\"><strong>Imala Re LLC<\/strong><\/mark>, por favor contacte a <a href=\"mailto:info@imalare.com\">info@imalare.com<\/a><\/p>\n\n<p><\/p>\n","protected":false},"excerpt":{"rendered":"<p>Qu\u00e9 Hacemos Imala Re LLC es una agencia de suscripci\u00f3n (MGA) con sede en Miami, especializado en contratos de reaseguro en las l\u00edneas de Incendio y l\u00edneas aliadas, Autom\u00f3vil y Mar\u00edtimo. Nuestro enfoque est\u00e1 en servir a clientes en toda Am\u00e9rica Latina y el Caribe. Fundada en 2025, Imala Re opera como parte de la [&hellip;]<\/p>\n","protected":false},"author":7,"featured_media":0,"parent":0,"menu_order":0,"comment_status":"closed","ping_status":"closed","template":"","meta":{"footnotes":""},"class_list":["post-995","page","type-page","status-publish","hentry"],"_links":{"self":[{"href":"https:\/\/www.imalare.com\/es\/wp-json\/wp\/v2\/pages\/995","targetHints":{"allow":["GET"]}}],"collection":[{"href":"https:\/\/www.imalare.com\/es\/wp-json\/wp\/v2\/pages"}],"about":[{"href":"https:\/\/www.imalare.com\/es\/wp-json\/wp\/v2\/types\/page"}],"author":[{"embeddable":true,"href":"https:\/\/www.imalare.com\/es\/wp-json\/wp\/v2\/users\/7"}],"replies":[{"embeddable":true,"href":"https:\/\/www.imalare.com\/es\/wp-json\/wp\/v2\/comments?post=995"}],"version-history":[{"count":0,"href":"https:\/\/www.imalare.com\/es\/wp-json\/wp\/v2\/pages\/995\/revisions"}],"wp:attachment":[{"href":"https:\/\/www.imalare.com\/es\/wp-json\/wp\/v2\/media?parent=995"}],"curies":[{"name":"wp","href":"https:\/\/api.w.org\/{rel}","templated":true}]}}