{"id":1041,"date":"2024-09-12T15:52:14","date_gmt":"2024-09-12T15:52:14","guid":{"rendered":"https:\/\/www.imalare.com\/denuncia-de-irregularidades\/"},"modified":"2025-12-09T15:57:24","modified_gmt":"2025-12-09T15:57:24","slug":"denuncia-de-irregularidades","status":"publish","type":"page","link":"https:\/\/www.imalare.com\/pt-br\/denuncia-de-irregularidades\/","title":{"rendered":"Den\u00fancia de irregularidades"},"content":{"rendered":"\n<p>Acreditamos em manter os mais altos padr\u00f5es de integridade e responsabilidade em todas as nossas atividades. Se voc\u00ea testemunhou qualquer m\u00e1 conduta ou comportamento anti\u00e9tico, encorajamos voc\u00ea a denunci\u00e1-lo usando nosso formul\u00e1rio seguro de den\u00fancia de irregularidades. Sua coragem de falar \u00e9 inestim\u00e1vel para nos ajudar a manter nossos valores e garantir um ambiente seguro e \u00e9tico para todos.<\/p>\n\n<p>Observe: Ao clicar no link abaixo, voc\u00ea ser\u00e1 direcionado para uma nova p\u00e1gina onde poder\u00e1 enviar seu relat\u00f3rio anonimamente. Asseguramos que cada den\u00fancia ser\u00e1 tratada com a m\u00e1xima confidencialidade e respeito.<\/p>\n\n<div class=\"wp-block-buttons is-layout-flex wp-block-buttons-is-layout-flex\">\n<div class=\"wp-block-button\"><a class=\"wp-block-button__link wp-element-button\" href=\"https:\/\/fidelisinsurance.navexone.eu\/incidents\/custom\/fidelisinsurance\/forms\/mgr\/form_data.asp?lang=en\" target=\"_blank\" rel=\"noreferrer noopener\">Formul\u00e1rio de den\u00fancia de irregularidades<\/a><\/div>\n<\/div>\n\n<p><\/p>\n","protected":false},"excerpt":{"rendered":"<p>Acreditamos em manter os mais altos padr\u00f5es de integridade e responsabilidade em todas as nossas atividades. Se voc\u00ea testemunhou qualquer m\u00e1 conduta ou comportamento anti\u00e9tico, encorajamos voc\u00ea a denunci\u00e1-lo usando nosso formul\u00e1rio seguro de den\u00fancia de irregularidades. Sua coragem de falar \u00e9 inestim\u00e1vel para nos ajudar a manter nossos valores e garantir um ambiente seguro [&hellip;]<\/p>\n","protected":false},"author":7,"featured_media":0,"parent":0,"menu_order":0,"comment_status":"closed","ping_status":"closed","template":"","meta":{"footnotes":""},"class_list":["post-1041","page","type-page","status-publish","hentry"],"_links":{"self":[{"href":"https:\/\/www.imalare.com\/pt-br\/wp-json\/wp\/v2\/pages\/1041","targetHints":{"allow":["GET"]}}],"collection":[{"href":"https:\/\/www.imalare.com\/pt-br\/wp-json\/wp\/v2\/pages"}],"about":[{"href":"https:\/\/www.imalare.com\/pt-br\/wp-json\/wp\/v2\/types\/page"}],"author":[{"embeddable":true,"href":"https:\/\/www.imalare.com\/pt-br\/wp-json\/wp\/v2\/users\/7"}],"replies":[{"embeddable":true,"href":"https:\/\/www.imalare.com\/pt-br\/wp-json\/wp\/v2\/comments?post=1041"}],"version-history":[{"count":0,"href":"https:\/\/www.imalare.com\/pt-br\/wp-json\/wp\/v2\/pages\/1041\/revisions"}],"wp:attachment":[{"href":"https:\/\/www.imalare.com\/pt-br\/wp-json\/wp\/v2\/media?parent=1041"}],"curies":[{"name":"wp","href":"https:\/\/api.w.org\/{rel}","templated":true}]}}