{"id":1042,"date":"2025-12-09T11:19:14","date_gmt":"2025-12-09T11:19:14","guid":{"rendered":"https:\/\/www.imalare.com\/creditos\/"},"modified":"2025-12-09T15:59:42","modified_gmt":"2025-12-09T15:59:42","slug":"creditos","status":"publish","type":"page","link":"https:\/\/www.imalare.com\/pt-br\/creditos\/","title":{"rendered":"Cr\u00e9ditos"},"content":{"rendered":"\n<p>Este site foi projetado e constru\u00eddo pela <strong><a href=\"https:\/\/amigopartnership.com\/\">Amigo Partnership<\/a><\/strong> \u2014 uma ag\u00eancia criativa integrada que combina insight humano e intelig\u00eancia artificial para oferecer estrat\u00e9gia de marca mais precisa, criatividade de destaque e experi\u00eancias digitais de alto impacto.<\/p>\n\n<p>A Amigo Partnership \u00e9 especializada em:<\/p>\n\n<ul class=\"wp-block-list\">\n<li>Estrat\u00e9gia de marca e posicionamento<\/li>\n\n\n\n<li>Identidade visual e design<\/li>\n\n\n\n<li>Design e desenvolvimento web<\/li>\n\n\n\n<li>Design UX\/UI e cria\u00e7\u00e3o de conte\u00fado<\/li>\n\n\n\n<li>Entrega digital (web, e-commerce, CRM, campanhas)<\/li>\n<\/ul>\n\n<p>Acreditamos em criatividade real e centrada no ser humano, potencializada por dados e ferramentas inteligentes \u2014 ajudando marcas a crescerem mais fortes, mais r\u00e1pido e de forma mais inteligente.<\/p>\n\n<p><strong>Amigo Partnership (UK) Ltd<\/strong><br\/>32 Blackfriars Rd, London, SE1 8PB<br\/>Site: <a href=\"https:\/\/www.amigopartnership.com\/\">www.amigopartnership.com<\/a><br\/>E-mail: <a href=\"mailto:info@amigopartnership.com\">info@amigopartnership.com<\/a><\/p>\n","protected":false},"excerpt":{"rendered":"<p>Este site foi projetado e constru\u00eddo pela Amigo Partnership \u2014 uma ag\u00eancia criativa integrada que combina insight humano e intelig\u00eancia artificial para oferecer estrat\u00e9gia de marca mais precisa, criatividade de destaque e experi\u00eancias digitais de alto impacto. A Amigo Partnership \u00e9 especializada em: Acreditamos em criatividade real e centrada no ser humano, potencializada por dados [&hellip;]<\/p>\n","protected":false},"author":7,"featured_media":0,"parent":0,"menu_order":0,"comment_status":"closed","ping_status":"closed","template":"","meta":{"footnotes":""},"class_list":["post-1042","page","type-page","status-publish","hentry"],"_links":{"self":[{"href":"https:\/\/www.imalare.com\/pt-br\/wp-json\/wp\/v2\/pages\/1042","targetHints":{"allow":["GET"]}}],"collection":[{"href":"https:\/\/www.imalare.com\/pt-br\/wp-json\/wp\/v2\/pages"}],"about":[{"href":"https:\/\/www.imalare.com\/pt-br\/wp-json\/wp\/v2\/types\/page"}],"author":[{"embeddable":true,"href":"https:\/\/www.imalare.com\/pt-br\/wp-json\/wp\/v2\/users\/7"}],"replies":[{"embeddable":true,"href":"https:\/\/www.imalare.com\/pt-br\/wp-json\/wp\/v2\/comments?post=1042"}],"version-history":[{"count":0,"href":"https:\/\/www.imalare.com\/pt-br\/wp-json\/wp\/v2\/pages\/1042\/revisions"}],"wp:attachment":[{"href":"https:\/\/www.imalare.com\/pt-br\/wp-json\/wp\/v2\/media?parent=1042"}],"curies":[{"name":"wp","href":"https:\/\/api.w.org\/{rel}","templated":true}]}}