{"id":1044,"date":"2024-09-12T15:52:14","date_gmt":"2024-09-12T15:52:14","guid":{"rendered":"https:\/\/www.imalare.com\/seguranca\/"},"modified":"2026-02-24T05:40:12","modified_gmt":"2026-02-24T05:40:12","slug":"seguranca","status":"publish","type":"page","link":"https:\/\/www.imalare.com\/pt-br\/seguranca\/","title":{"rendered":"Respaldo Financeiro"},"content":{"rendered":"\n<p>Como Managing General Agent (MGA), a <strong><mark style=\"background-color:rgba(0, 0, 0, 0)\" class=\"has-inline-color has-primary-color\">Imala Re LLC<\/mark><\/strong> presta servi\u00e7os profissionais de subscri\u00e7\u00e3o em nome de um painel de seguradoras (ou seguradoras\/resseguradoras). Possu\u00edmos conhecimento especializado em subscri\u00e7\u00e3o e podemos oferecer a clientes e corretores uma ampla gama de solu\u00e7\u00f5es e op\u00e7\u00f5es de resseguro. <\/p>\n\n<p>A <strong><mark style=\"background-color:rgba(0, 0, 0, 0)\" class=\"has-inline-color has-primary-color\">Imala Re LLC<\/mark><\/strong> \u00e9 uma coverholder no Lloyd\u2019s e est\u00e1 autorizada a subscrever riscos em nome dos sindicatos da <strong>The Fidelis Partnership<\/strong> (Syndicate 3123 e Syndicate 2126). <\/p>\n\n<p><\/p>\n","protected":false},"excerpt":{"rendered":"<p>Como Managing General Agent (MGA), a Imala Re LLC presta servi\u00e7os profissionais de subscri\u00e7\u00e3o em nome de um painel de seguradoras (ou seguradoras\/resseguradoras). Possu\u00edmos conhecimento especializado em subscri\u00e7\u00e3o e podemos oferecer a clientes e corretores uma ampla gama de solu\u00e7\u00f5es e op\u00e7\u00f5es de resseguro. A Imala Re LLC \u00e9 uma coverholder no Lloyd\u2019s e est\u00e1 [&hellip;]<\/p>\n","protected":false},"author":7,"featured_media":0,"parent":0,"menu_order":0,"comment_status":"closed","ping_status":"closed","template":"","meta":{"footnotes":""},"class_list":["post-1044","page","type-page","status-publish","hentry"],"_links":{"self":[{"href":"https:\/\/www.imalare.com\/pt-br\/wp-json\/wp\/v2\/pages\/1044","targetHints":{"allow":["GET"]}}],"collection":[{"href":"https:\/\/www.imalare.com\/pt-br\/wp-json\/wp\/v2\/pages"}],"about":[{"href":"https:\/\/www.imalare.com\/pt-br\/wp-json\/wp\/v2\/types\/page"}],"author":[{"embeddable":true,"href":"https:\/\/www.imalare.com\/pt-br\/wp-json\/wp\/v2\/users\/7"}],"replies":[{"embeddable":true,"href":"https:\/\/www.imalare.com\/pt-br\/wp-json\/wp\/v2\/comments?post=1044"}],"version-history":[{"count":0,"href":"https:\/\/www.imalare.com\/pt-br\/wp-json\/wp\/v2\/pages\/1044\/revisions"}],"wp:attachment":[{"href":"https:\/\/www.imalare.com\/pt-br\/wp-json\/wp\/v2\/media?parent=1044"}],"curies":[{"name":"wp","href":"https:\/\/api.w.org\/{rel}","templated":true}]}}