{"id":1045,"date":"2024-09-12T15:52:14","date_gmt":"2024-09-12T15:52:14","guid":{"rendered":"https:\/\/www.imalare.com\/politica-de-privacidade\/"},"modified":"2025-12-09T16:03:19","modified_gmt":"2025-12-09T16:03:19","slug":"politica-de-privacidade","status":"publish","type":"page","link":"https:\/\/www.imalare.com\/pt-br\/politica-de-privacidade\/","title":{"rendered":"Pol\u00edtica de Privacidade"},"content":{"rendered":"\n<h4 class=\"wp-block-heading\">Esta pol\u00edtica de privacidade estabelece como a Imala Re LLC (&#8220;Imala Re&#8221;) usa e protege qualquer informa\u00e7\u00e3o que voc\u00ea forne\u00e7a ao usar este site.<\/h4>\n\n<p>A Imala Re \u00e9 um agente geral administrador de (res)seguros comerciais liderado por corretores e \u00e9 uma empresa do grupo The Fidelis Partnership. No curso de seus neg\u00f3cios, a Imala Re atua como controladora de dados pessoais. Dados pessoais s\u00e3o informa\u00e7\u00f5es em posse ou sob controle da Imala Re que se relacionam com seus fornecedores, clientes, indiv\u00edduos que usam nosso site ou indiv\u00edduos que de outra forma t\u00eam neg\u00f3cios conosco e que o identificam por si s\u00f3 ou s\u00e3o informa\u00e7\u00f5es que podem ser usadas para identific\u00e1-lo quando usadas em combina\u00e7\u00e3o com outros dados que possu\u00edmos. Leia nossos avisos de privacidade cuidadosamente e ao usar o site da Imala Re, esses avisos devem ser lidos juntamente com os termos e condi\u00e7\u00f5es desse site.<\/p>\n\n<p><a href=\"\/wp-content\/uploads\/2025\/03\/The-Fidelis-Partnership-Service-Company-Privacy-Notice_SEV.pdf\" data-type=\"link\" data-id=\"https:\/\/www.imalare.com\/wp-content\/uploads\/2025\/03\/The-Fidelis-Partnership-Service-Company-Privacy-Notice_SEV.pdf\">The Fidelis Partnership Service Company Privacy Notice<\/a><\/p>\n\n<p><a href=\"\/wp-content\/uploads\/2025\/03\/The-Fidelis-Partnership-Insurance-and-Underwriting-Privacy-Notice_SEV.pdf\" data-type=\"link\" data-id=\"\/wp-content\/uploads\/2025\/02\/The-Fidelis-Partnership-Insurance-and-Underwriting-Privacy-Notice_SIL.pdf\">The Fidelis Partnership Insurance and Underwriting Privacy Notice<\/a><\/p>\n","protected":false},"excerpt":{"rendered":"<p>Esta pol\u00edtica de privacidade estabelece como a Imala Re LLC (&#8220;Imala Re&#8221;) usa e protege qualquer informa\u00e7\u00e3o que voc\u00ea forne\u00e7a ao usar este site. A Imala Re \u00e9 um agente geral administrador de (res)seguros comerciais liderado por corretores e \u00e9 uma empresa do grupo The Fidelis Partnership. No curso de seus neg\u00f3cios, a Imala Re [&hellip;]<\/p>\n","protected":false},"author":7,"featured_media":0,"parent":0,"menu_order":0,"comment_status":"closed","ping_status":"closed","template":"","meta":{"footnotes":""},"class_list":["post-1045","page","type-page","status-publish","hentry"],"_links":{"self":[{"href":"https:\/\/www.imalare.com\/pt-br\/wp-json\/wp\/v2\/pages\/1045","targetHints":{"allow":["GET"]}}],"collection":[{"href":"https:\/\/www.imalare.com\/pt-br\/wp-json\/wp\/v2\/pages"}],"about":[{"href":"https:\/\/www.imalare.com\/pt-br\/wp-json\/wp\/v2\/types\/page"}],"author":[{"embeddable":true,"href":"https:\/\/www.imalare.com\/pt-br\/wp-json\/wp\/v2\/users\/7"}],"replies":[{"embeddable":true,"href":"https:\/\/www.imalare.com\/pt-br\/wp-json\/wp\/v2\/comments?post=1045"}],"version-history":[{"count":0,"href":"https:\/\/www.imalare.com\/pt-br\/wp-json\/wp\/v2\/pages\/1045\/revisions"}],"wp:attachment":[{"href":"https:\/\/www.imalare.com\/pt-br\/wp-json\/wp\/v2\/media?parent=1045"}],"curies":[{"name":"wp","href":"https:\/\/api.w.org\/{rel}","templated":true}]}}