{"id":1048,"date":"2024-09-12T15:52:14","date_gmt":"2024-09-12T15:52:14","guid":{"rendered":"https:\/\/www.imalare.com\/termos-e-condicoes\/"},"modified":"2025-12-09T16:09:23","modified_gmt":"2025-12-09T16:09:23","slug":"termos-e-condicoes","status":"publish","type":"page","link":"https:\/\/www.imalare.com\/pt-br\/termos-e-condicoes\/","title":{"rendered":"Termos e Condi\u00e7\u00f5es"},"content":{"rendered":"\n<h3 class=\"wp-block-heading\">Introdu\u00e7\u00e3o<\/h3>\n\n<p>Estes Termos e Condi\u00e7\u00f5es Padr\u00e3o do Site (estes &#8220;Termos&#8221; ou estes &#8220;Termos e Condi\u00e7\u00f5es Padr\u00e3o do Site&#8221;) contidos nesta p\u00e1gina web, reger\u00e3o seu uso deste site, incluindo todas as p\u00e1ginas dentro deste site (coletivamente referidas abaixo como este &#8220;Site&#8221;). Estes Termos se aplicam com plena for\u00e7a e efeito ao seu uso deste Site e ao usar este Site, voc\u00ea aceita expressamente todos os termos e condi\u00e7\u00f5es contidos nele em sua totalidade. Voc\u00ea n\u00e3o deve usar este Site se tiver qualquer obje\u00e7\u00e3o a qualquer um destes Termos e Condi\u00e7\u00f5es Padr\u00e3o do Site.<\/p>\n\n<h3 class=\"wp-block-heading\">Direitos de Propriedade Intelectual<\/h3>\n\n<p>Sob estes Termos, a Imala Re e suas subsidi\u00e1rias (&#8220;Imala Re&#8221;) e\/ou seus licenciadores possuem todos os direitos sobre a propriedade intelectual e material contido neste Site, e todos esses direitos s\u00e3o reservados.<\/p>\n\n<p>Voc\u00ea recebe uma licen\u00e7a limitada apenas, sujeita \u00e0s restri\u00e7\u00f5es previstas nestes Termos, para fins de visualiza\u00e7\u00e3o do material contido neste Site.<\/p>\n\n<h3 class=\"wp-block-heading\">Uso de cookies neste site<\/h3>\n\n<p>A fim de nos ajudar a melhorar o conte\u00fado, formato e estrutura deste site, registramos e analisamos como os visitantes usam o site. Para este prop\u00f3sito, usamos o Google Analytics.<\/p>\n\n<p>O Google Analytics \u00e9 um servi\u00e7o de an\u00e1lise web fornecido pela Google, Inc. (&#8220;Google&#8221;). O Google Analytics usa &#8220;cookies&#8221;, que s\u00e3o arquivos de texto colocados em seu computador, para ajudar o site a analisar como os usu\u00e1rios usam o site. As informa\u00e7\u00f5es geradas pelo cookie sobre seu uso do site (incluindo seu endere\u00e7o IP) ser\u00e3o transmitidas e armazenadas pelo Google em servidores nos Estados Unidos. O Google usar\u00e1 essas informa\u00e7\u00f5es com o objetivo de avaliar seu uso do site, compilar relat\u00f3rios sobre a atividade do site para operadores de sites e fornecer outros servi\u00e7os relacionados \u00e0 atividade do site e ao uso da internet. O Google tamb\u00e9m pode transferir essas informa\u00e7\u00f5es a terceiros quando exigido por lei, ou quando esses terceiros processarem as informa\u00e7\u00f5es em nome do Google. O Google n\u00e3o associar\u00e1 seu endere\u00e7o IP a quaisquer outros dados mantidos pelo Google. Voc\u00ea pode recusar o uso de cookies selecionando as configura\u00e7\u00f5es apropriadas em seu navegador; no entanto, observe que, se fizer isso, poder\u00e1 n\u00e3o conseguir usar toda a funcionalidade deste site. Ao usar este site, voc\u00ea consente com o processamento de dados sobre voc\u00ea pelo Google da maneira e para os fins estabelecidos acima. Para mais informa\u00e7\u00f5es sobre como habilitar e desabilitar cookies, visite <a href=\"https:\/\/www.aboutcookies.org\/\">About Cookies<\/a>.<\/p>\n\n<h3 class=\"wp-block-heading\">Restri\u00e7\u00f5es<\/h3>\n\n<p>Voc\u00ea est\u00e1 expressa e enfaticamente restringido de todos os seguintes:<\/p>\n\n<ol class=\"wp-block-list\">\n<li>publicar qualquer material do Site em qualquer m\u00eddia;<\/li>\n\n\n\n<li>vender, sublicenciar e\/ou comercializar de outra forma qualquer material do Site;<\/li>\n\n\n\n<li>executar e\/ou exibir publicamente qualquer material do Site;<\/li>\n\n\n\n<li>usar este Site de qualquer forma que seja, ou possa ser, prejudicial a este Site;<\/li>\n\n\n\n<li>usar este Site de qualquer forma que afete o acesso do usu\u00e1rio a este Site;<\/li>\n\n\n\n<li>usar este Site de forma contr\u00e1ria \u00e0s leis e regulamentos aplic\u00e1veis, ou de forma que cause, ou possa causar, dano ao Site, ou a qualquer pessoa ou entidade empresarial;<\/li>\n\n\n\n<li>envolver-se em qualquer minera\u00e7\u00e3o de dados, coleta de dados, extra\u00e7\u00e3o de dados ou qualquer outra atividade semelhante em rela\u00e7\u00e3o a este Site, ou enquanto estiver usando este Site; ou<\/li>\n\n\n\n<li>usar este Site para se envolver em qualquer publicidade ou marketing.<\/li>\n<\/ol>\n\n<h3 class=\"wp-block-heading\">Sem Garantias<\/h3>\n\n<p>Este Site \u00e9 fornecido &#8220;como est\u00e1&#8221;, com todas as falhas, e a Imala Re n\u00e3o faz representa\u00e7\u00f5es ou garantias expressas ou impl\u00edcitas, de qualquer tipo relacionadas a este Site ou aos materiais contidos neste Site. Al\u00e9m disso, nada contido neste Site deve ser interpretado como fornecimento de consultoria ou aconselhamento a voc\u00ea.<\/p>\n\n<h3 class=\"wp-block-heading\">Limita\u00e7\u00e3o de Responsabilidade<\/h3>\n\n<p>Em nenhum caso a Imala Re, nem qualquer um de seus diretores, administradores e funcion\u00e1rios, ser\u00e1 respons\u00e1vel perante voc\u00ea por qualquer coisa decorrente ou de alguma forma relacionada ao seu uso deste Site, seja tal responsabilidade sob contrato, ato il\u00edcito ou de outra forma, e a Imala Re, incluindo seus diretores, administradores e funcion\u00e1rios, n\u00e3o ser\u00e1 respons\u00e1vel por qualquer responsabilidade indireta, consequente ou especial decorrente ou de alguma forma relacionada ao seu uso deste Site.<\/p>\n\n<h3 class=\"wp-block-heading\">Indeniza\u00e7\u00e3o<\/h3>\n\n<p>Voc\u00ea indeniza na m\u00e1xima extens\u00e3o a Imala Re de e contra todas e quaisquer responsabilidades, custos, demandas, causas de a\u00e7\u00e3o, danos e despesas (incluindo honor\u00e1rios advocat\u00edcios razo\u00e1veis) decorrentes ou de alguma forma relacionados \u00e0 sua viola\u00e7\u00e3o de qualquer uma das disposi\u00e7\u00f5es destes Termos.<\/p>\n\n<h3 class=\"wp-block-heading\">Separabilidade<\/h3>\n\n<p>Se qualquer disposi\u00e7\u00e3o destes Termos for considerada inexequ\u00edvel ou inv\u00e1lida sob qualquer lei aplic\u00e1vel, tal inexequibilidade ou invalidade n\u00e3o tornar\u00e1 estes Termos inexequ\u00edveis ou inv\u00e1lidos como um todo, e tais disposi\u00e7\u00f5es ser\u00e3o exclu\u00eddas sem afetar as disposi\u00e7\u00f5es restantes aqui contidas.<\/p>\n\n<h3 class=\"wp-block-heading\">Varia\u00e7\u00e3o dos Termos<\/h3>\n\n<p>A Imala Re est\u00e1 autorizada a revisar estes Termos a qualquer momento conforme julgar apropriado, e ao usar este Site, espera-se que voc\u00ea revise tais Termos regularmente para garantir que compreende todos os termos e condi\u00e7\u00f5es que regem o uso deste Site.<\/p>\n\n<h3 class=\"wp-block-heading\">Cess\u00e3o<\/h3>\n\n<p>A Imala Re ter\u00e1 permiss\u00e3o para ceder, transferir e subcontratar seus direitos e\/ou obriga\u00e7\u00f5es sob estes Termos sem qualquer notifica\u00e7\u00e3o ou consentimento necess\u00e1rio. No entanto, voc\u00ea n\u00e3o ter\u00e1 permiss\u00e3o para ceder, transferir ou subcontratar qualquer um de seus direitos e\/ou obriga\u00e7\u00f5es sob estes Termos.<\/p>\n\n<h3 class=\"wp-block-heading\">Acordo Integral<\/h3>\n\n<p>Estes Termos, incluindo quaisquer avisos legais e isen\u00e7\u00f5es de responsabilidade e a Pol\u00edtica de Privacidade contida neste Site, constituem o acordo integral entre a Imala Re e voc\u00ea em rela\u00e7\u00e3o ao seu uso deste Site, e substituem todos os acordos e entendimentos anteriores com rela\u00e7\u00e3o ao mesmo.<\/p>\n\n<h3 class=\"wp-block-heading\">Lei Aplic\u00e1vel e Jurisdi\u00e7\u00e3o<\/h3>\n\n<p>Estes Termos ser\u00e3o regidos e interpretados de acordo com as leis da Inglaterra e Pa\u00eds de Gales, e voc\u00ea se submete \u00e0 jurisdi\u00e7\u00e3o exclusiva dos tribunais localizados na Inglaterra e Pa\u00eds de Gales para a resolu\u00e7\u00e3o de quaisquer disputas.<\/p>\n","protected":false},"excerpt":{"rendered":"<p>Introdu\u00e7\u00e3o Estes Termos e Condi\u00e7\u00f5es Padr\u00e3o do Site (estes &#8220;Termos&#8221; ou estes &#8220;Termos e Condi\u00e7\u00f5es Padr\u00e3o do Site&#8221;) contidos nesta p\u00e1gina web, reger\u00e3o seu uso deste site, incluindo todas as p\u00e1ginas dentro deste site (coletivamente referidas abaixo como este &#8220;Site&#8221;). Estes Termos se aplicam com plena for\u00e7a e efeito ao seu uso deste Site e [&hellip;]<\/p>\n","protected":false},"author":7,"featured_media":0,"parent":0,"menu_order":0,"comment_status":"closed","ping_status":"closed","template":"","meta":{"footnotes":""},"class_list":["post-1048","page","type-page","status-publish","hentry"],"_links":{"self":[{"href":"https:\/\/www.imalare.com\/pt-br\/wp-json\/wp\/v2\/pages\/1048","targetHints":{"allow":["GET"]}}],"collection":[{"href":"https:\/\/www.imalare.com\/pt-br\/wp-json\/wp\/v2\/pages"}],"about":[{"href":"https:\/\/www.imalare.com\/pt-br\/wp-json\/wp\/v2\/types\/page"}],"author":[{"embeddable":true,"href":"https:\/\/www.imalare.com\/pt-br\/wp-json\/wp\/v2\/users\/7"}],"replies":[{"embeddable":true,"href":"https:\/\/www.imalare.com\/pt-br\/wp-json\/wp\/v2\/comments?post=1048"}],"version-history":[{"count":0,"href":"https:\/\/www.imalare.com\/pt-br\/wp-json\/wp\/v2\/pages\/1048\/revisions"}],"wp:attachment":[{"href":"https:\/\/www.imalare.com\/pt-br\/wp-json\/wp\/v2\/media?parent=1048"}],"curies":[{"name":"wp","href":"https:\/\/api.w.org\/{rel}","templated":true}]}}