{"id":1049,"date":"2024-09-12T15:52:10","date_gmt":"2024-09-12T15:52:10","guid":{"rendered":"https:\/\/www.imalare.com\/politica-de-cookies\/"},"modified":"2026-04-14T16:13:17","modified_gmt":"2026-04-14T16:13:17","slug":"politica-de-cookies","status":"publish","type":"page","link":"https:\/\/www.imalare.com\/pt-br\/politica-de-cookies\/","title":{"rendered":"Pol\u00edtica de Cookies"},"content":{"rendered":"\n<h5 class=\"wp-block-heading has-x-large-font-size\">Os cookies nos ajudam a melhorar a forma como nosso site funciona, por exemplo, garantindo que os usu\u00e1rios encontrem facilmente o que est\u00e3o procurando.<\/h5>\n\n<h2 class=\"wp-block-heading\"><strong>Por que usamos cookies em nosso site<\/strong><\/h2>\n\n<p>Podemos obter informa\u00e7\u00f5es sobre seu uso de nosso site usando um arquivo de cookie. Um cookie \u00e9 um pequeno arquivo de letras e n\u00fameros que armazenaremos em seu navegador ou no disco r\u00edgido de seu computador. <\/p>\n\n<p>Nosso site usa cookies, de acordo com esta Pol\u00edtica de Cookies, para distingui-lo de outros usu\u00e1rios de nosso site. Isso nos ajuda a proporcionar uma boa experi\u00eancia quando voc\u00ea navega em nosso site e tamb\u00e9m nos permite melhorar nosso site e oferecer um servi\u00e7o melhor e mais personalizado. <\/p>\n\n<p>Abaixo, estabelecemos os tipos de cookies que usamos e mais detalhes sobre o prop\u00f3sito de cada cookie individual. Quando for poss\u00edvel desativar esses cookies, voc\u00ea pode faz\u00ea-lo a partir do pop-up de cookies na p\u00e1gina inicial de nosso site e que est\u00e1 acess\u00edvel a partir deste <a href=\"javascript:void(0);\" aria-label=\"View cookie settings\" data-cc=\"c-settings\">link aqui<\/a>. <\/p>\n\n<p>Voc\u00ea pode se recusar a aceitar certos tipos de cookies. No entanto, se voc\u00ea selecionar esta configura\u00e7\u00e3o, poder\u00e1 n\u00e3o conseguir acessar certas partes de nosso site e\/ou a funcionalidade de algumas partes de nosso site pode ser afetada. <\/p>\n\n<h2 class=\"wp-block-heading\"><strong>Os cookies que usamos em nosso site<\/strong><\/h2>\n\n<p>Usamos diferentes cookies para diferentes prop\u00f3sitos. Mais detalhes sobre o tipo, prop\u00f3sito e dura\u00e7\u00e3o de cada cookie s\u00e3o estabelecidos nas tabelas abaixo. Observe que podemos alterar os cookies que usamos e nos esfor\u00e7aremos para manter esta lista o mais atualizada poss\u00edvel.  <\/p>\n\n<p>N\u00f3s mesmos definimos os cookies abaixo. Em alguns casos, provedores terceiros (incluindo, por exemplo, provedores de servi\u00e7os externos como servi\u00e7os de an\u00e1lise de tr\u00e1fego web) tamb\u00e9m podem usar cookies para avaliar as formas como voc\u00ea usa o site.  <\/p>\n\n<p>Cada cookie que usamos \u00e9 um <strong>cookie de sess\u00e3o<\/strong> ou um <strong>cookie persistente<\/strong>. Um <strong>cookie de sess\u00e3o<\/strong> permanecer\u00e1 em seu navegador enquanto voc\u00ea estiver visitando o site naquela ocasi\u00e3o, enquanto um <strong>cookie persistente<\/strong> permanecer\u00e1 no lugar por mais tempo (por exemplo, para lembrar sua senha se voc\u00ea visitar o site novamente). <\/p>\n\n<h3 class=\"wp-block-heading\"><strong>Estritamente Necess\u00e1rios<\/strong><\/h3>\n\n<p>Estes cookies est\u00e3o sempre ativos.<\/p>\n\n<p>S\u00e3o essenciais para permitir que voc\u00ea navegue em nosso site e use seus recursos. Sem esses cookies, quaisquer servi\u00e7os em nosso site que voc\u00ea deseje acessar n\u00e3o podem ser fornecidos. Voc\u00ea n\u00e3o pode desativar esses cookies e continuar usando nosso site.  <\/p>\n\n<p>Voc\u00ea pode encontrar mais informa\u00e7\u00f5es sobre os cookies individuais que usamos e os prop\u00f3sitos para os quais os usamos na tabela abaixo:<\/p>\n\n<div style=\"--cc-block-stripe-color: #ebebeb;\" class=\"wp-block-pressidium-cookies\">\n    <table\n        data-cookie-category=\"necessary\"\n        style=\"\"\n    >\n        <thead>\n            <tr>\n                \n                    <th\n                        style=\"border-color: #000000\"\n                        class=\"align-center\"\n                    >\n                        Name                    <\/th>\n\n                \n                    <th\n                        style=\"border-color: #000000\"\n                        class=\"align-center\"\n                    >\n                        Domain                    <\/th>\n\n                \n                    <th\n                        style=\"border-color: #000000\"\n                        class=\"align-center\"\n                    >\n                        Expiration                    <\/th>\n\n                \n                    <th\n                        style=\"border-color: #000000\"\n                        class=\"align-center\"\n                    >\n                        Description                    <\/th>\n\n                            <\/tr>\n        <\/thead>\n        <tbody>\n                            <tr>\n                    \n                        <td\n                            data-column=\"name\"\n                            class=\"align-left\"\n                            style=\"border-color: #000000\"\n                        >\n                            pressidium_cookie_consent                        <\/td>\n\n                    \n                        <td\n                            data-column=\"domain\"\n                            class=\"align-left\"\n                            style=\"border-color: #000000\"\n                        >\n                            .imalare.com                        <\/td>\n\n                    \n                        <td\n                            data-column=\"expiration\"\n                            class=\"align-left\"\n                            style=\"border-color: #000000\"\n                        >\n                            1 year                        <\/td>\n\n                    \n                        <td\n                            data-column=\"description\"\n                            class=\"align-left\"\n                            style=\"border-color: #000000\"\n                        >\n                            Tracks the pages requested by the visitor in a session for use by Piwik Analytics Platform.                        <\/td>\n\n                                    <\/tr>\n                    <\/tbody>\n    <\/table>\n<\/div>\n\n<h3 class=\"wp-block-heading\"><strong>An\u00e1lise e Desempenho<\/strong><\/h3>\n\n<p>Estes cookies se tornam ativos uma vez que voc\u00ea nos tenha dado seu consentimento.<\/p>\n\n<p>Esses cookies nos permitem reconhecer e contar o n\u00famero de visitantes e ver como os visitantes navegam pelo site quando o est\u00e3o usando, o que significa que os dados que recebemos s\u00e3o agregados e anonimizados. Isso nos ajuda a melhorar a forma como nosso site funciona, por exemplo, garantindo que os usu\u00e1rios estejam encontrando facilmente o que procuram e fazendo melhorias. Usamos v\u00e1rias ferramentas diferentes para nos ajudar com isso, incluindo aquelas fornecidas por terceiros.<\/p>\n\n<p>Voc\u00ea pode encontrar mais informa\u00e7\u00f5es sobre os cookies individuais que usamos e os prop\u00f3sitos para os quais os usamos na tabela abaixo: <\/p>\n\n<div style=\"--cc-block-stripe-color: #ebebeb;\" class=\"wp-block-pressidium-cookies\">\n    <table\n        data-cookie-category=\"analytics\"\n        style=\"\"\n    >\n        <thead>\n            <tr>\n                \n                    <th\n                        style=\"border-color: #000000\"\n                        class=\"align-center\"\n                    >\n                        Name                    <\/th>\n\n                \n                    <th\n                        style=\"border-color: #000000\"\n                        class=\"align-center\"\n                    >\n                        Domain                    <\/th>\n\n                \n                    <th\n                        style=\"border-color: #000000\"\n                        class=\"align-center\"\n                    >\n                        Expiration                    <\/th>\n\n                \n                    <th\n                        style=\"border-color: #000000\"\n                        class=\"align-center\"\n                    >\n                        Description                    <\/th>\n\n                            <\/tr>\n        <\/thead>\n        <tbody>\n                            <tr>\n                    \n                        <td\n                            data-column=\"name\"\n                            class=\"align-left\"\n                            style=\"border-color: #000000\"\n                        >\n                            ^_pk_ses.*$                        <\/td>\n\n                    \n                        <td\n                            data-column=\"domain\"\n                            class=\"align-left\"\n                            style=\"border-color: #000000\"\n                        >\n                            www.imalare.com                        <\/td>\n\n                    \n                        <td\n                            data-column=\"expiration\"\n                            class=\"align-left\"\n                            style=\"border-color: #000000\"\n                        >\n                            30 min                        <\/td>\n\n                    \n                        <td\n                            data-column=\"description\"\n                            class=\"align-left\"\n                            style=\"border-color: #000000\"\n                        >\n                            Tracks the pages requested by the visitor in a session for use by Piwik Analytics Platform.                        <\/td>\n\n                                    <\/tr>\n                            <tr>\n                    \n                        <td\n                            data-column=\"name\"\n                            class=\"align-left\"\n                            style=\"border-color: #000000\"\n                        >\n                            ^_pk_id.*$                        <\/td>\n\n                    \n                        <td\n                            data-column=\"domain\"\n                            class=\"align-left\"\n                            style=\"border-color: #000000\"\n                        >\n                            www.imalare.com                        <\/td>\n\n                    \n                        <td\n                            data-column=\"expiration\"\n                            class=\"align-left\"\n                            style=\"border-color: #000000\"\n                        >\n                            1 year                        <\/td>\n\n                    \n                        <td\n                            data-column=\"description\"\n                            class=\"align-left\"\n                            style=\"border-color: #000000\"\n                        >\n                            Enables collection of statistics on user visit to the website anonymously. Information collected include pages read, average time spent and the number of visits.                        <\/td>\n\n                                    <\/tr>\n                    <\/tbody>\n    <\/table>\n<\/div>\n\n<h2 class=\"wp-block-heading\">Cookies de Terceiros<\/h2>\n\n<p>Al\u00e9m dos cookies estabelecidos acima, terceiros tamb\u00e9m podem usar cookies em nosso site, sobre os quais n\u00e3o temos controle. Esses terceiros podem incluir, por exemplo, provedores de servi\u00e7os externos, como servi\u00e7os de an\u00e1lise de tr\u00e1fego web. Esses cookies de terceiros podem ser cookies de an\u00e1lise e desempenho ou cookies de segmenta\u00e7\u00e3o.  <\/p>\n\n<p>Para informa\u00e7\u00f5es sobre como desativar o uso de cookies de terceiros, consulte &#8220;Manuten\u00e7\u00e3o de Cookies&#8221; abaixo. <strong><\/strong><\/p>\n\n<h4 class=\"wp-block-heading\"><strong>MANUTEN\u00c7\u00c3O DE COOKIES<\/strong><\/h4>\n\n<p>Al\u00e9m das configura\u00e7\u00f5es dispon\u00edveis no pop-up de cookies na p\u00e1gina inicial de nosso site, voc\u00ea pode configurar seu navegador para aceitar ou rejeitar cookies de forma mais geral. Essas configura\u00e7\u00f5es geralmente s\u00e3o encontradas no menu &#8216;op\u00e7\u00f5es&#8217; ou &#8216;prefer\u00eancias&#8217; de seu navegador de internet. Para entender essas configura\u00e7\u00f5es, os links abaixo podem ser \u00fateis. Caso contr\u00e1rio, voc\u00ea deve usar a op\u00e7\u00e3o &#8216;Ajuda&#8217; em seu navegador de internet para mais detalhes. Para informa\u00e7\u00f5es sobre como restringir ou bloquear cookies em seu telefone celular, voc\u00ea precisar\u00e1 consultar o manual de seu dispositivo.     <\/p>\n\n<p>Clique nos links abaixo para configura\u00e7\u00f5es de cookies em:<\/p>\n\n<p><a href=\"https:\/\/support.google.com\/chrome\/answer\/95647?hl=en\">Chrome<\/a><br\/><a href=\"http:\/\/windows.microsoft.com\/en-gb\/internet-explorer\/delete-manage-cookies#ie=ie-11\">Internet Explorer<\/a><br\/><a href=\"https:\/\/support.mozilla.org\/en-US\/kb\/cookies-information-websites-store-on-your-computer?redirectlocale=en-US&amp;redirectslug=Cookies\">Firefox<\/a><br\/><a href=\"https:\/\/support.apple.com\/en-us\/HT201265\">Safari<\/a><\/p>\n\n<p>Voc\u00ea tamb\u00e9m pode configurar seu navegador para alert\u00e1-lo cada vez que um cookie for apresentado ao seu computador. Observe que, se voc\u00ea nos impedir de colocar cookies em seu computador durante sua visita, ou se voc\u00ea posteriormente excluir um cookie que foi colocado, pode n\u00e3o ser poss\u00edvel para voc\u00ea usar certos aspectos de nosso site de forma eficaz. <\/p>\n\n<p>Ao desativar seus cookies nas configura\u00e7\u00f5es do navegador, voc\u00ea estar\u00e1 restringindo os cookies que usamos para gerenciar nosso site. Isso se aplicar\u00e1 a todos os sites uma vez que os cookies sejam desativados atrav\u00e9s das configura\u00e7\u00f5es do seu navegador e n\u00e3o apenas ao nosso. <\/p>\n\n<h4 class=\"wp-block-heading\"><strong>ALTERA\u00c7\u00d5ES A ESTA POL\u00cdTICA DE COOKIES<\/strong><\/h4>\n\n<p>Podemos alterar esta Pol\u00edtica de Cookies a qualquer momento. Se voc\u00ea n\u00e3o concordar com quaisquer altera\u00e7\u00f5es que fizermos, voc\u00ea n\u00e3o deve usar ou acessar (ou continuar a usar ou acessar) o site. Quaisquer altera\u00e7\u00f5es em nossa Pol\u00edtica de Cookies ser\u00e3o publicadas nesta p\u00e1gina.  <\/p>\n\n<h4 class=\"wp-block-heading\"><strong>CONTATE-NOS<\/strong><\/h4>\n\n<p>Agradecemos quaisquer consultas, coment\u00e1rios ou solicita\u00e7\u00f5es que voc\u00ea possa ter em rela\u00e7\u00e3o a esta Pol\u00edtica de Cookies.<\/p>\n\n<p>N\u00e3o hesite em nos contatar:<\/p>\n\n<ul class=\"wp-block-list\">\n<li>escreva-nos para Fidelis Marketing Limited, 22 Bishopsgate, 42nd Floor, London, EC2N 4BQ; ou<\/li>\n\n\n\n<li>por favor escreva para dataprotection@fidelispartnership.com.<\/li>\n<\/ul>\n\n<p><em>\u00daltima edi\u00e7\u00e3o: novembro de 2025<\/em><\/p>\n\n<p><\/p>\n","protected":false},"excerpt":{"rendered":"<p>Os cookies nos ajudam a melhorar a forma como nosso site funciona, por exemplo, garantindo que os usu\u00e1rios encontrem facilmente o que est\u00e3o procurando. Por que usamos cookies em nosso site Podemos obter informa\u00e7\u00f5es sobre seu uso de nosso site usando um arquivo de cookie. Um cookie \u00e9 um pequeno arquivo de letras e n\u00fameros [&hellip;]<\/p>\n","protected":false},"author":7,"featured_media":0,"parent":0,"menu_order":0,"comment_status":"closed","ping_status":"closed","template":"","meta":{"footnotes":""},"class_list":["post-1049","page","type-page","status-publish","hentry"],"_links":{"self":[{"href":"https:\/\/www.imalare.com\/pt-br\/wp-json\/wp\/v2\/pages\/1049","targetHints":{"allow":["GET"]}}],"collection":[{"href":"https:\/\/www.imalare.com\/pt-br\/wp-json\/wp\/v2\/pages"}],"about":[{"href":"https:\/\/www.imalare.com\/pt-br\/wp-json\/wp\/v2\/types\/page"}],"author":[{"embeddable":true,"href":"https:\/\/www.imalare.com\/pt-br\/wp-json\/wp\/v2\/users\/7"}],"replies":[{"embeddable":true,"href":"https:\/\/www.imalare.com\/pt-br\/wp-json\/wp\/v2\/comments?post=1049"}],"version-history":[{"count":0,"href":"https:\/\/www.imalare.com\/pt-br\/wp-json\/wp\/v2\/pages\/1049\/revisions"}],"wp:attachment":[{"href":"https:\/\/www.imalare.com\/pt-br\/wp-json\/wp\/v2\/media?parent=1049"}],"curies":[{"name":"wp","href":"https:\/\/api.w.org\/{rel}","templated":true}]}}