{"id":997,"date":"2024-09-12T15:52:14","date_gmt":"2024-09-12T15:52:14","guid":{"rendered":"https:\/\/www.imalare.com\/home\/"},"modified":"2026-02-23T09:33:45","modified_gmt":"2026-02-23T09:33:45","slug":"home","status":"publish","type":"page","link":"https:\/\/www.imalare.com\/pt-br\/","title":{"rendered":"In\u00edcio"},"content":{"rendered":"\n<h2 class=\"wp-block-heading\" id=\"what-we-do\">O Que Fazemos<\/h2>\n\n<p>A <strong><mark style=\"background-color:rgba(0, 0, 0, 0)\" class=\"has-inline-color has-primary-color\">Imala Re LLC <\/mark><\/strong>\u00e9 um MGA (Managing General Agent) com sede em Miami, especializado em contratos de resseguro para as linhas de Propriedade, Autom\u00f3vel e Mar\u00edtimo. Nosso foco \u00e9 atender clientes em toda a Am\u00e9rica Latina e Caribe.<\/p>\n\n<p>Fundada em 2025, a Imala Re opera como parte da <strong>plataforma Pine Walk<\/strong>, apoiada pela <strong>The Fidelis Partnership<\/strong>. O nome <em>Imala<\/em> \u00e9 derivado de origens nativo-americanas, significa <strong>determina\u00e7\u00e3o, disciplina e for\u00e7a de car\u00e1ter<\/strong> \u2013 princ\u00edpios que definem nossa abordagem de neg\u00f3cios.<\/p>\n\n<h5 class=\"wp-block-heading\"><strong>Tipo<\/strong><\/h5>\n\n<p>O foco da Imala Re \u00e9 exclusivamente em Contratos de Resseguro, incluindo:<\/p>\n\n<ul class=\"wp-block-list\">\n<li>Programas Catastr\u00f3ficos: CXL, QS e RPP<\/li>\n\n\n\n<li>Estruturas de Excesso de Danos Por Risco<\/li>\n<\/ul>\n\n<h5 class=\"wp-block-heading\"><strong>\u00c2mbito Geogr\u00e1fico<\/strong><\/h5>\n\n<ul class=\"wp-block-list\">\n<li>M\u00e9xico<\/li>\n\n\n\n<li>Am\u00e9rica Central<\/li>\n\n\n\n<li>Am\u00e9rica do Sul<\/li>\n\n\n\n<li>Caribe<\/li>\n\n\n\n<li>Programas Regionais<\/li>\n<\/ul>\n\n<div style=\"height:100px\" aria-hidden=\"true\" class=\"wp-block-spacer\"><\/div>\n\n<h2 class=\"wp-block-heading\" id=\"about-us\">Sobre N\u00f3s<\/h2>\n\n<div class=\"wp-block-columns is-layout-flex wp-container-core-columns-is-layout-212ad063 wp-block-columns-is-layout-flex\" style=\"margin-bottom:var(--wp--preset--spacing--70)\">\n<div class=\"wp-block-column is-layout-flow wp-block-column-is-layout-flow\" style=\"flex-basis:25%\">\n<figure class=\"wp-block-image aligncenter size-full is-resized is-style-rounded\"><img decoding=\"async\" width=\"768\" height=\"768\" data-src=\"https:\/\/www.imalare.com\/wp-content\/uploads\/2025\/12\/Photo-IFV-square-768x768-1.png\" alt=\"\" class=\"wp-image-973 lazyload\" style=\"--smush-placeholder-width: 768px; --smush-placeholder-aspect-ratio: 768\/768;aspect-ratio:1;object-fit:cover;width:300px\" data-srcset=\"https:\/\/www.imalare.com\/wp-content\/uploads\/2025\/12\/Photo-IFV-square-768x768-1.png 768w, https:\/\/www.imalare.com\/wp-content\/uploads\/2025\/12\/Photo-IFV-square-768x768-1-300x300.png 300w, https:\/\/www.imalare.com\/wp-content\/uploads\/2025\/12\/Photo-IFV-square-768x768-1-150x150.png 150w\" data-sizes=\"(max-width: 768px) 100vw, 768px\" src=\"data:image\/svg+xml;base64,PHN2ZyB3aWR0aD0iMSIgaGVpZ2h0PSIxIiB4bWxucz0iaHR0cDovL3d3dy53My5vcmcvMjAwMC9zdmciPjwvc3ZnPg==\" \/><\/figure>\n<\/div>\n\n\n\n<div class=\"wp-block-column is-vertically-aligned-center is-layout-flow wp-block-column-is-layout-flow\" style=\"flex-basis:75%\">\n<h3 class=\"wp-block-heading\">Ivan Vega<\/h3>\n\n\n\n<h4 class=\"wp-block-heading\" style=\"margin-top:0;margin-bottom:0\"><strong>CEO<\/strong><\/h4>\n\n\n\n<p>Ivan fundou a Imala Re em Outubro de 2025. Possui mais de 30 anos de experi\u00eancia na ind\u00fastria de resseguros, com foco na Am\u00e9rica Latina e no Caribe. Mais recentemente, Ivan atuou na Navigators Re, onde foi nomeado Head da Am\u00e9rica Latina e Caribe em 2010, sendo respons\u00e1vel pelo desenvolvimento do portf\u00f3lio de contratos de resseguro para a regi\u00e3o. Antes disso, Ivan atuou oito anos como Head de Resseguro Facultativo de Propriedade para a Am\u00e9rica Latina e Caribe na White Mountains (EUA).<\/p>\n<\/div>\n<\/div>\n\n<div class=\"wp-block-columns is-layout-flex wp-container-core-columns-is-layout-212ad063 wp-block-columns-is-layout-flex\" style=\"margin-bottom:var(--wp--preset--spacing--70)\">\n<div class=\"wp-block-column is-layout-flow wp-block-column-is-layout-flow\" style=\"flex-basis:25%\">\n<figure class=\"wp-block-image aligncenter size-full is-resized is-style-rounded\"><img decoding=\"async\" width=\"380\" height=\"380\" data-src=\"https:\/\/www.imalare.com\/wp-content\/uploads\/2026\/02\/Edward-Herrera_-White-background-TFP-Headshot-Template.png\" alt=\"\" class=\"wp-image-1091 lazyload\" style=\"--smush-placeholder-width: 380px; --smush-placeholder-aspect-ratio: 380\/380;aspect-ratio:1;object-fit:cover;width:300px\" data-srcset=\"https:\/\/www.imalare.com\/wp-content\/uploads\/2026\/02\/Edward-Herrera_-White-background-TFP-Headshot-Template.png 380w, https:\/\/www.imalare.com\/wp-content\/uploads\/2026\/02\/Edward-Herrera_-White-background-TFP-Headshot-Template-300x300.png 300w, https:\/\/www.imalare.com\/wp-content\/uploads\/2026\/02\/Edward-Herrera_-White-background-TFP-Headshot-Template-150x150.png 150w\" data-sizes=\"(max-width: 380px) 100vw, 380px\" src=\"data:image\/svg+xml;base64,PHN2ZyB3aWR0aD0iMSIgaGVpZ2h0PSIxIiB4bWxucz0iaHR0cDovL3d3dy53My5vcmcvMjAwMC9zdmciPjwvc3ZnPg==\" \/><\/figure>\n<\/div>\n\n\n\n<div class=\"wp-block-column is-vertically-aligned-center is-layout-flow wp-block-column-is-layout-flow\" style=\"flex-basis:75%\">\n<h3 class=\"wp-block-heading\">Edward Herrera<\/h3>\n\n\n\n<h4 class=\"wp-block-heading\" style=\"margin-top:0;margin-bottom:0\"><strong>Subdiretor de Subscri\u00e7\u00e3o<\/strong><\/h4>\n\n\n\n<p>Edward Herrera conta com mais de 25 anos de experi\u00eancia em resseguros, com forte foco na Am\u00e9rica Latina e no Caribe. Atualmente ocupa o cargo de Subdiretor de Subscri\u00e7\u00e3o na Imala Re, onde trabalha estreitamente com o Diretor Executivo (CEO) e o Chief Underwriter para apoiar o crescimento do portf\u00f3lio latino-americano da companhia. Anteriormente, ocupou cargos seniores de subscri\u00e7\u00e3o na MS Reinsurance, Everest Reinsurance e Flagstone Reinsurance.<\/p>\n<\/div>\n<\/div>\n\n<p class=\"has-text-align-center\">Para mais informa\u00e7\u00f5es sobre a <strong><mark style=\"background-color:rgba(0, 0, 0, 0)\" class=\"has-inline-color has-primary-color\">Imala Re LLC<\/mark><\/strong>, entre em contato pelo e-mail <a href=\"mailto:info@imalare.com\">info@imalare.com.<\/a><\/p>\n\n<p><\/p>\n","protected":false},"excerpt":{"rendered":"<p>O Que Fazemos A Imala Re LLC \u00e9 um MGA (Managing General Agent) com sede em Miami, especializado em contratos de resseguro para as linhas de Propriedade, Autom\u00f3vel e Mar\u00edtimo. Nosso foco \u00e9 atender clientes em toda a Am\u00e9rica Latina e Caribe. Fundada em 2025, a Imala Re opera como parte da plataforma Pine Walk, [&hellip;]<\/p>\n","protected":false},"author":7,"featured_media":0,"parent":0,"menu_order":0,"comment_status":"closed","ping_status":"closed","template":"","meta":{"footnotes":""},"class_list":["post-997","page","type-page","status-publish","hentry"],"_links":{"self":[{"href":"https:\/\/www.imalare.com\/pt-br\/wp-json\/wp\/v2\/pages\/997","targetHints":{"allow":["GET"]}}],"collection":[{"href":"https:\/\/www.imalare.com\/pt-br\/wp-json\/wp\/v2\/pages"}],"about":[{"href":"https:\/\/www.imalare.com\/pt-br\/wp-json\/wp\/v2\/types\/page"}],"author":[{"embeddable":true,"href":"https:\/\/www.imalare.com\/pt-br\/wp-json\/wp\/v2\/users\/7"}],"replies":[{"embeddable":true,"href":"https:\/\/www.imalare.com\/pt-br\/wp-json\/wp\/v2\/comments?post=997"}],"version-history":[{"count":0,"href":"https:\/\/www.imalare.com\/pt-br\/wp-json\/wp\/v2\/pages\/997\/revisions"}],"wp:attachment":[{"href":"https:\/\/www.imalare.com\/pt-br\/wp-json\/wp\/v2\/media?parent=997"}],"curies":[{"name":"wp","href":"https:\/\/api.w.org\/{rel}","templated":true}]}}